{"id":44,"date":"2025-07-29T21:58:53","date_gmt":"2025-07-29T21:58:53","guid":{"rendered":"https:\/\/somoscaldas.pt\/?page_id=44"},"modified":"2025-10-01T23:11:23","modified_gmt":"2025-10-01T23:11:23","slug":"vidais","status":"publish","type":"page","link":"https:\/\/somoscaldas.pt\/index.php\/vidais\/","title":{"rendered":"Vidais"},"content":{"rendered":"\n<main class=\"wp-block-group alignfull\" style=\"margin-top:0;margin-bottom:0;padding-top:var(--wp--preset--spacing--50);padding-bottom:var(--wp--preset--spacing--50)\"><div class=\"wp-block-group__inner-container is-layout-constrained wp-block-group-is-layout-constrained\">\n<div class=\"wp-block-columns alignwide is-layout-flex wp-container-core-columns-is-layout-30f78326 wp-block-columns-is-layout-flex\">\n<div class=\"wp-block-column is-layout-flow wp-block-column-is-layout-flow\" style=\"flex-basis:56%\">\n<figure class=\"wp-block-image size-full is-resized\"><img loading=\"lazy\" decoding=\"async\" width=\"673\" height=\"681\" src=\"https:\/\/somoscaldas.pt\/wp-content\/uploads\/2025\/10\/CR-CartasFreguesias-Vidais-AF.jpg\" alt=\"\" class=\"wp-image-266\" style=\"aspect-ratio:1;object-fit:cover;width:465px;height:auto\" srcset=\"https:\/\/somoscaldas.pt\/wp-content\/uploads\/2025\/10\/CR-CartasFreguesias-Vidais-AF.jpg 673w, https:\/\/somoscaldas.pt\/wp-content\/uploads\/2025\/10\/CR-CartasFreguesias-Vidais-AF-296x300.jpg 296w, https:\/\/somoscaldas.pt\/wp-content\/uploads\/2025\/10\/CR-CartasFreguesias-Vidais-AF-300x304.jpg 300w\" sizes=\"auto, (max-width: 673px) 100vw, 673px\" \/><\/figure>\n<\/div>\n\n\n\n<div class=\"wp-block-column is-vertically-aligned-center is-layout-flow wp-block-column-is-layout-flow\">\n<h2 class=\"wp-block-heading\">Caras e Caros Amigos<\/h2>\n\n\n\n<p>\u00c9 com grande estima e amizade que vos escrevo esta mensagem. Tenho a maior honra e o maior orgulho de ser novamente candidato \u00e0 Junta de Freguesia de Vidais.<\/p>\n\n\n\n<p>\u00c9 pelo Amor que tenho \u00e0 nossa terra e \u00e0s nossas gentes, que aceitei de novo este desafio de grande responsabilidade para o futuro da nossa Freguesia.<\/p>\n\n\n\n<p>Esta \u00e9 a Terra onde nasci, cresci, desenvolvi a minha atividade profissional e que escolhi para formar e estabelecer a minha fam\u00edlia.<\/p>\n<\/div>\n<\/div>\n\n\n\n<p>\u00c9 a pensar nas pessoas e nas fam\u00edlias que quero dar continuidade ao trabalho realizado, para que seja cada vez mais um prazer Viver em Vidais. Com uma equipa multifacetada e com um projeto ambicioso, o presente e o futuro ser\u00e3o constru\u00eddos diariamente, honrando sempre o passado que nos enche de orgulho. <\/p>\n\n\n\n<p>Seguimos juntos, contando com todos v\u00f3s, pois s\u00f3 assim faz sentido!<\/p>\n\n\n\n<p><strong>Quando Vidais ganha, ganhamos TODOS.<\/strong><\/p>\n\n\n\n<figure class=\"wp-block-image size-full\"><img loading=\"lazy\" decoding=\"async\" width=\"910\" height=\"591\" src=\"https:\/\/somoscaldas.pt\/wp-content\/uploads\/2025\/10\/CR-CartasFreguesias-Vidais-AF-01-1.png\" alt=\"\" class=\"wp-image-258\" srcset=\"https:\/\/somoscaldas.pt\/wp-content\/uploads\/2025\/10\/CR-CartasFreguesias-Vidais-AF-01-1.png 910w, https:\/\/somoscaldas.pt\/wp-content\/uploads\/2025\/10\/CR-CartasFreguesias-Vidais-AF-01-1-300x195.png 300w, https:\/\/somoscaldas.pt\/wp-content\/uploads\/2025\/10\/CR-CartasFreguesias-Vidais-AF-01-1-768x499.png 768w, https:\/\/somoscaldas.pt\/wp-content\/uploads\/2025\/10\/CR-CartasFreguesias-Vidais-AF-01-1-850x552.png 850w\" sizes=\"auto, (max-width: 910px) 100vw, 910px\" \/><\/figure>\n<\/div><\/main>\n\n\n\n<h2 class=\"wp-block-heading\">Vidais MERECE MAIS.<\/h2>\n\n\n\n<p><strong>Programa Eleitoral para a Freguesia dos Vidais<\/strong><\/p>\n\n\n\n<ul class=\"wp-block-list\">\n<li>Requalifica\u00e7\u00e3o, cria\u00e7\u00e3o de um parque de lazer e de um parque tem\u00e1tico no Arco da Mem\u00f3ria e na sua zona envolvente.<\/li>\n\n\n\n<li>Construir um parque de Autocaravanas em Vidais.<\/li>\n\n\n\n<li>Projetar e Construir um Campo de Padel e uma zona fitness e bem estar com o Apoio do Munic\u00edpio de Caldas da Rainha.<\/li>\n\n\n\n<li>Continuar com o FESTIVAL DAS ADIAFAS, dando o devido foco \u00e0 Agricultura, e a Colocar Vidais no Mapa.<\/li>\n\n\n\n<li>Constru\u00e7\u00e3o de um Parque de lazer, com um dique para uma zona de banhos e de aproveitamento da \u00e1gua da nascente da Fonte de Cort\u00e9m.<\/li>\n\n\n\n<li>Cria\u00e7\u00e3o de Roteiros e Trilhos por toda a Freguesia, para caminhadas e BTT, atrav\u00e9s de plataformas f\u00edsicas e digitais, para aproveitar o relevo e a beleza da rural da nossa freguesia.<\/li>\n\n\n\n<li>Implementa\u00e7\u00e3o do projeto de WC p\u00fablico na zona envolvente ao Parque de lazer de Vidais.<\/li>\n\n\n\n<li>Dar continuidade ao refor\u00e7o de equipamentos f\u00edsicos, para o trabalho no terreno, delegado \u00e1 junta de freguesia.<\/li>\n\n\n\n<li>Continuar a Promover a Sustentabilidade e as boas pr\u00e1ticas ambientais, mantendo Vidais com o Galard\u00e3o de ECO- FREGUESIA.<\/li>\n\n\n\n<li>Continuar a lutar pelo alargamento do PDM em Vidais, de modo a que seja mais f\u00e1cil e \u00e1gil, reconstruir e construir na Freguesia.<\/li>\n\n\n\n<li>Criar o Projeto para Habita\u00e7\u00e3o Jovem em Vidais, Com lotes de terreno a pre\u00e7o acess\u00edvel para os jovens da terra se estabelecerem na freguesia.<\/li>\n\n\n\n<li>Dar Continuidade \u00e1 celebra\u00e7\u00e3o de dias especiais e \u00e1s tradi\u00e7\u00f5es Portuguesas.<\/li>\n\n\n\n<li>Continuar com o projeto &#8221;Vidais ao Luar&#8221;, e dar continuidade ao Grande pr\u00e9mio de Carrinho de Rolamento de Vidais.<\/li>\n\n\n\n<li>Apoiar os Agricultores com recorrentes Col\u00f3quios sobre a Agricultura.<\/li>\n\n\n\n<li>Continuar a Apoiar as Coletividades e Associa\u00e7\u00f5es da Freguesia, para que tenham motiva\u00e7\u00e3o em desempenhar as suas atividades.<\/li>\n\n\n\n<li>Inovar e dar continuidade ao Concurso de Pres\u00e9pios da minha Aldeia, de Vidais.<\/li>\n\n\n\n<li>Criar um Espa\u00e7o memorial, para exibir os trof\u00e9us conquistados no presente e no passado pelas diferentes Associa\u00e7\u00f5es desportivas da Freguesia.<\/li>\n\n\n\n<li>Manter a colabora\u00e7\u00e3o ativa com o Centro Social e paroquial na Sra. da Piedade , e na sua nobre miss\u00e3o.<\/li>\n\n\n\n<li>Continuar a insistir junto das operadoras m\u00f3veis, afim de conseguir garantir rede de internet de FIBRA em toda a Freguesia de Vidais.<\/li>\n\n\n\n<li>Dar continuidade \u00e1 repavimenta\u00e7\u00e3o, limpeza e manuten\u00e7\u00e3o dos caminhos municipais e rurais da freguesia, e continuar de forma ativa a pressionar as Estradas de Portugal, para limpeza e manuten\u00e7\u00e3o da Estrada nacional 114.<\/li>\n\n\n\n<li>Propor junto do munic\u00edpio o aumento da coloca\u00e7\u00e3o da rede de Saneamento na freguesia.<\/li>\n\n\n\n<li>Apostar cada vez mais na valoriza\u00e7\u00e3o e na melhorias de antigas fontes e espa\u00e7os p\u00fablicos da freguesia, nomeadamente na limpeza dos dep\u00f3sitos de armazenamento de \u00e1gua.<\/li>\n\n\n\n<li>Dar continuidade ao transporte das crian\u00e7as da Freguesia para o Centro escolar de Alvorninha, assim como visitas de estudo.<\/li>\n\n\n\n<li>Continuar a organizar juntamente com a Freguesia de Alvorninha, as Col\u00f3nias de f\u00e9rias para as crian\u00e7as e jovens da freguesia.<\/li>\n\n\n\n<li>Apoiar os Jovens da freguesia, promovendo o desporto e criando atividades do seu interesse.<\/li>\n\n\n\n<li>Dar continuidade ao passeio s\u00e9nior anual, assim como ao almo\u00e7o dos Reis +65.<\/li>\n\n\n\n<li>Continuar com a organiza\u00e7\u00e3o de atividades desportivas acess\u00edveis a todas as idades.<\/li>\n\n\n\n<li>Promover a realiza\u00e7\u00e3o de Aulas de Portugu\u00eas, aberta \u00e1 comunidade de estrangeiros que escolheram vir viver para Vidais .<\/li>\n\n\n\n<li>Trabalhar junto do Munic\u00edpio para a evolu\u00e7\u00e3o do projeto de Infraestruturas da Zona Industrial de Vidais.<\/li>\n\n\n\n<li>Continuar a requalificar, a zelar, e a dar dignidade a patrim\u00f3nio antigo da Freguesia.<\/li>\n<\/ul>\n\n\n\n<div class=\"wp-block-buttons is-layout-flex wp-block-buttons-is-layout-flex\">\n<div class=\"wp-block-button\"><a class=\"wp-block-button__link wp-element-button\" href=\"https:\/\/somoscaldas.pt\/wp-content\/uploads\/2025\/10\/FolhetoVIDAIS.pdf\" target=\"_blank\" rel=\"noreferrer noopener\">Folheto Vidais<\/a><\/div>\n<\/div>\n\n\n\n<p><\/p>\n","protected":false},"excerpt":{"rendered":"<p>Caras e Caros Amigos \u00c9 com grande estima e amizade que vos escrevo esta mensagem. Tenho a maior honra e o maior orgulho de ser novamente candidato \u00e0 Junta de Freguesia de Vidais. \u00c9 pelo Amor que tenho \u00e0 nossa terra e \u00e0s nossas gentes, que aceitei de novo este desafio de grande responsabilidade para&#8230;<\/p>\n","protected":false},"author":1,"featured_media":0,"parent":0,"menu_order":0,"comment_status":"closed","ping_status":"closed","template":"","meta":{"footnotes":""},"class_list":["post-44","page","type-page","status-publish","hentry"],"_links":{"self":[{"href":"https:\/\/somoscaldas.pt\/index.php\/wp-json\/wp\/v2\/pages\/44","targetHints":{"allow":["GET"]}}],"collection":[{"href":"https:\/\/somoscaldas.pt\/index.php\/wp-json\/wp\/v2\/pages"}],"about":[{"href":"https:\/\/somoscaldas.pt\/index.php\/wp-json\/wp\/v2\/types\/page"}],"author":[{"embeddable":true,"href":"https:\/\/somoscaldas.pt\/index.php\/wp-json\/wp\/v2\/users\/1"}],"replies":[{"embeddable":true,"href":"https:\/\/somoscaldas.pt\/index.php\/wp-json\/wp\/v2\/comments?post=44"}],"version-history":[{"count":8,"href":"https:\/\/somoscaldas.pt\/index.php\/wp-json\/wp\/v2\/pages\/44\/revisions"}],"predecessor-version":[{"id":379,"href":"https:\/\/somoscaldas.pt\/index.php\/wp-json\/wp\/v2\/pages\/44\/revisions\/379"}],"wp:attachment":[{"href":"https:\/\/somoscaldas.pt\/index.php\/wp-json\/wp\/v2\/media?parent=44"}],"curies":[{"name":"wp","href":"https:\/\/api.w.org\/{rel}","templated":true}]}}