{"id":42,"date":"2025-07-29T21:58:42","date_gmt":"2025-07-29T21:58:42","guid":{"rendered":"https:\/\/somoscaldas.pt\/?page_id=42"},"modified":"2025-10-01T23:10:17","modified_gmt":"2025-10-01T23:10:17","slug":"tornada-e-salir-do-porto","status":"publish","type":"page","link":"https:\/\/somoscaldas.pt\/index.php\/tornada-e-salir-do-porto\/","title":{"rendered":"Tornada e Salir do Porto"},"content":{"rendered":"\n<main class=\"wp-block-group alignfull\" style=\"margin-top:0;margin-bottom:0;padding-top:var(--wp--preset--spacing--50);padding-bottom:var(--wp--preset--spacing--50)\"><div class=\"wp-block-group__inner-container is-layout-constrained wp-block-group-is-layout-constrained\">\n<div class=\"wp-block-columns alignwide is-layout-flex wp-container-core-columns-is-layout-30f78326 wp-block-columns-is-layout-flex\">\n<div class=\"wp-block-column is-layout-flow wp-block-column-is-layout-flow\" style=\"flex-basis:56%\">\n<figure class=\"wp-block-image size-full is-resized\"><img loading=\"lazy\" decoding=\"async\" width=\"701\" height=\"680\" src=\"https:\/\/somoscaldas.pt\/wp-content\/uploads\/2025\/10\/Tornada-e-Salir-do-Porto.jpg\" alt=\"\" class=\"wp-image-268\" style=\"aspect-ratio:1;object-fit:cover;width:465px;height:auto\" srcset=\"https:\/\/somoscaldas.pt\/wp-content\/uploads\/2025\/10\/Tornada-e-Salir-do-Porto.jpg 701w, https:\/\/somoscaldas.pt\/wp-content\/uploads\/2025\/10\/Tornada-e-Salir-do-Porto-300x291.jpg 300w\" sizes=\"auto, (max-width: 701px) 100vw, 701px\" \/><\/figure>\n<\/div>\n\n\n\n<div class=\"wp-block-column is-vertically-aligned-center is-layout-flow wp-block-column-is-layout-flow\">\n<h2 class=\"wp-block-heading\">Caras e Caros Amigos<\/h2>\n\n\n\n<p>Nos \u00faltimos 8 anos tive o gosto de liderar os destinos da Freguesia. <\/p>\n\n\n\n<p>Em conjunto com a minha equipa, apost\u00e1mos numa pol\u00edtica de proximidade, de responsabilidade, ouvindo as pessoas e sentindo a nossa terra. <\/p>\n\n\n\n<p>Essa estrat\u00e9gia permitiu que a Freguesia crescesse e reunisse condi\u00e7\u00f5es de excel\u00eancia para quem c\u00e1 vive ou nos visita.<\/p>\n<\/div>\n<\/div>\n\n\n\n<p>Procur\u00e1mos cuidar e valorizar o nosso patrim\u00f3nio, apoiar as coletividades, zelar pela limpeza do territ\u00f3rio e apostar numa vis\u00e3o estrat\u00e9gica que assegurasse obras diferenciadoras e fundamentais para o bem-estar da popula\u00e7\u00e3o.<\/p>\n\n\n\n<p>Por tudo isto, e porque temos um conjunto de ideias que consideramos de vital import\u00e2ncia para a nossa terra somos novamente candidatos. Estou certo de que iremos contar com o apoio de todos. <\/p>\n\n\n\n<figure class=\"wp-block-image size-full\"><img loading=\"lazy\" decoding=\"async\" width=\"905\" height=\"591\" src=\"https:\/\/somoscaldas.pt\/wp-content\/uploads\/2025\/10\/Tornada-e-Salir-do-Porto-01.png\" alt=\"\" class=\"wp-image-249\" srcset=\"https:\/\/somoscaldas.pt\/wp-content\/uploads\/2025\/10\/Tornada-e-Salir-do-Porto-01.png 905w, https:\/\/somoscaldas.pt\/wp-content\/uploads\/2025\/10\/Tornada-e-Salir-do-Porto-01-300x196.png 300w, https:\/\/somoscaldas.pt\/wp-content\/uploads\/2025\/10\/Tornada-e-Salir-do-Porto-01-768x502.png 768w, https:\/\/somoscaldas.pt\/wp-content\/uploads\/2025\/10\/Tornada-e-Salir-do-Porto-01-350x230.png 350w, https:\/\/somoscaldas.pt\/wp-content\/uploads\/2025\/10\/Tornada-e-Salir-do-Porto-01-850x555.png 850w\" sizes=\"auto, (max-width: 905px) 100vw, 905px\" \/><\/figure>\n<\/div><\/main>\n\n\n\n<h2 class=\"wp-block-heading\">Tornada e Salir do Porto MERECE MAIS.<\/h2>\n\n\n\n<p><strong>Programa Eleitoral para a Freguesia de Tornada e salir do Porto<\/strong><\/p>\n\n\n\n<p><strong>Educa\u00e7\u00e3o \u2013 Natalidade<\/strong><\/p>\n\n\n\n<ul class=\"wp-block-list\">\n<li>Lutar pela requalifica\u00e7\u00e3o da escola de Salir do Porto, e melhoramentos nas restantes escolas.<\/li>\n\n\n\n<li>Estudar a possibilidade de nos terrenos Municipais existentes na Freguesia construir uma<br>creche.<\/li>\n\n\n\n<li>Criar regulamento de apoio \u00e0 Natalidade <\/li>\n<\/ul>\n\n\n\n<p><strong>Mobilidade<\/strong><\/p>\n\n\n\n<ul class=\"wp-block-list\">\n<li>Alargamento da Ponte de Tornada que liga a Salir De Matos<\/li>\n\n\n\n<li>Implementar o muro de suporte de estrada e passadi\u00e7o do Talvai aprovado pela APA em 2024<\/li>\n\n\n\n<li>Melhoria e Requalifica\u00e7\u00e3o de bermas e passeios existentes e a construir em toda a Freguesia<\/li>\n\n\n\n<li>Melhorar a sinaliza\u00e7\u00e3o vertical e horizontal <\/li>\n\n\n\n<li>Estudar a possibilidade de construir mais ciclovias<\/li>\n<\/ul>\n\n\n\n<p><strong>Ambiente<\/strong><\/p>\n\n\n\n<ul class=\"wp-block-list\">\n<li>Manter as sinergias com a Reserva do Pa\u00fal de Tornada<\/li>\n\n\n\n<li>Exigir junto das entidades locais e centrais da classifica\u00e7\u00e3o da Duna e a sua preserva\u00e7\u00e3o<\/li>\n\n\n\n<li>Refor\u00e7ar a press\u00e3o para a resolu\u00e7\u00e3o do desvio do Rio da Praia de Salir do Porto<\/li>\n\n\n\n<li>Reivindicar a limpeza do Rio de Tornada<\/li>\n\n\n\n<li>Valorizar e recuperar as \u00e1guas da pocinha<\/li>\n<\/ul>\n\n\n\n<p><strong>Juventude<\/strong><\/p>\n\n\n\n<ul class=\"wp-block-list\">\n<li>Dar seguimento ao programa de incentivo \u00e0 fixa\u00e7\u00e3o de jovens na nossa Uni\u00e3o das Freguesias<\/li>\n\n\n\n<li>Habita\u00e7\u00e3o Jovem<\/li>\n\n\n\n<li>Cria\u00e7\u00e3o de um gabinete da juventude, onde possam dar as suas ideias para a Freguesia Junta<\/li>\n\n\n\n<li>Manter e melhorar os servi\u00e7os de atendimento<\/li>\n\n\n\n<li>Obras de Melhoramento nos Edif\u00edcios Sede da Junta<\/li>\n\n\n\n<li>Implementar a Loja do Cidad\u00e3o j\u00e1 aprovada pela Ama &#8211; AG\u00caNCIA PARA A MODERNIZA\u00c7\u00c3O<br>ADMINISTRATIVA<\/li>\n\n\n\n<li>Representar e defender os interesses comuns da freguesia e dos seus habitantes junto das<br>diversas institui\u00e7\u00f5es p\u00fablicas e privadas<\/li>\n\n\n\n<li>Estabelecer um plano de manuten\u00e7\u00e3o do mobili\u00e1rio e de infraestruturas da freguesia (bancos,<br>estradas, papeleiras, passeios, cal\u00e7adas, espa\u00e7os verdes<\/li>\n<\/ul>\n\n\n\n<p><strong>Patrim\u00f3nio e Turismo<\/strong><\/p>\n\n\n\n<ul class=\"wp-block-list\">\n<li>Estudo de Desenvolvimento Tur\u00edstico e Estrat\u00e9gico do Territ\u00f3rio \u2013 Rota Tur\u00edstica da Freguesia<\/li>\n\n\n\n<li>Elaborar estudo para recupera\u00e7\u00e3o da Alf\u00e2ndega Velha<\/li>\n\n\n\n<li>Lutar pela constru\u00e7\u00e3o de um p\u00f3lo museol\u00f3gico representativo da nossa hist\u00f3ria, tradi\u00e7\u00f5es, saberes, e etnografia<\/li>\n\n\n\n<li>Estudar solu\u00e7\u00e3o para conserva\u00e7\u00e3o e uso da Gruta de Salir do Porto e espa\u00e7o envolvente<\/li>\n\n\n\n<li>Elabora\u00e7\u00e3o de um estudo para cria\u00e7\u00e3o de Parque Campismo &#8211; Caravanas<\/li>\n<\/ul>\n\n\n\n<p><strong>Territ\u00f3rio<\/strong><\/p>\n\n\n\n<ul class=\"wp-block-list\">\n<li>Na revis\u00e3o do PDM intervir e defender o interesse p\u00fablico das popula\u00e7\u00f5es.<\/li>\n\n\n\n<li>Manter o di\u00e1logo com o SMAS para aprofundar o investimento para o melhoramento da rede<br>de abastecimento de \u00e1gua e de equipamentos j\u00e1 existentes, para que o sistema de abastecimento<br>de \u00e1gua se possa manter de forma eficiente e com bons n\u00edveis de qualidade.<\/li>\n\n\n\n<li>Alargamento de um novo talh\u00e3o no cemit\u00e9rio da Roda.<\/li>\n\n\n\n<li>Aquisi\u00e7\u00e3o de terreno para constru\u00e7\u00e3o de cemit\u00e9rio em Salir do Porto<\/li>\n\n\n\n<li>Aferir a possibilidade de colocar WCS nos parques de merendas existentes<\/li>\n\n\n\n<li>Requalifica\u00e7\u00e3o do Parque de estacionamento da Praia de Salir do Porto<\/li>\n\n\n\n<li>Melhorar a limpeza e manuten\u00e7\u00e3o dos espa\u00e7os p\u00fablicos da freguesia<\/li>\n\n\n\n<li>Recupera\u00e7\u00e3o dos lavadouros e zona envolvente de forma a valorizar o patrim\u00f3nio da Freguesia<\/li>\n\n\n\n<li>Requalifica\u00e7\u00e3o do Largo da Rua do Pa\u00fal<\/li>\n\n\n\n<li>Requalifica\u00e7\u00e3o do Parque infantil do Bairro Social<\/li>\n\n\n\n<li>Interceder junto do Munic\u00edpio para cria\u00e7\u00e3o de regulamento que permita a cria\u00e7\u00e3o de posto<br>de carregamentos de carros el\u00e9ctricos na Freguesia<\/li>\n<\/ul>\n\n\n\n<p><strong>Associativismo<\/strong><\/p>\n\n\n\n<ul class=\"wp-block-list\">\n<li>Colaborar com as coletividades e associa\u00e7\u00f5es atrav\u00e9s de apoio aos seus planos de atividades<\/li>\n\n\n\n<li>Criar a festa anual da Freguesia em colabora\u00e7\u00e3o com as Associa\u00e7\u00f5es da Freguesia<\/li>\n<\/ul>\n\n\n\n<p><strong>Desporto<\/strong><\/p>\n\n\n\n<ul class=\"wp-block-list\">\n<li>Requalifica\u00e7\u00e3o dos Polidesportivos do Ch\u00e3o da Parada e Tornada<\/li>\n\n\n\n<li>Organiza\u00e7\u00e3o de eventos \u201cPela Sa\u00fade\u201d, organiza\u00e7\u00e3o de caminhadas regulares<\/li>\n\n\n\n<li>Cria\u00e7\u00e3o de um Campo de T\u00e9nis de Praia e um Campo de Padel<\/li>\n\n\n\n<li>Organiza\u00e7\u00e3o de Prova de Trail na Freguesia<\/li>\n<\/ul>\n\n\n\n<div class=\"wp-block-buttons is-layout-flex wp-block-buttons-is-layout-flex\">\n<div class=\"wp-block-button\"><a class=\"wp-block-button__link wp-element-button\" href=\"https:\/\/somoscaldas.pt\/wp-content\/uploads\/2025\/10\/Folheto-TORNADA.pdf\" target=\"_blank\" rel=\"noreferrer noopener\">Folheto Tornada e Salir do Porto<\/a><\/div>\n<\/div>\n\n\n\n<p><\/p>\n","protected":false},"excerpt":{"rendered":"<p>Caras e Caros Amigos Nos \u00faltimos 8 anos tive o gosto de liderar os destinos da Freguesia. Em conjunto com a minha equipa, apost\u00e1mos numa pol\u00edtica de proximidade, de responsabilidade, ouvindo as pessoas e sentindo a nossa terra. Essa estrat\u00e9gia permitiu que a Freguesia crescesse e reunisse condi\u00e7\u00f5es de excel\u00eancia para quem c\u00e1 vive ou&#8230;<\/p>\n","protected":false},"author":1,"featured_media":0,"parent":0,"menu_order":0,"comment_status":"closed","ping_status":"closed","template":"","meta":{"footnotes":""},"class_list":["post-42","page","type-page","status-publish","hentry"],"_links":{"self":[{"href":"https:\/\/somoscaldas.pt\/index.php\/wp-json\/wp\/v2\/pages\/42","targetHints":{"allow":["GET"]}}],"collection":[{"href":"https:\/\/somoscaldas.pt\/index.php\/wp-json\/wp\/v2\/pages"}],"about":[{"href":"https:\/\/somoscaldas.pt\/index.php\/wp-json\/wp\/v2\/types\/page"}],"author":[{"embeddable":true,"href":"https:\/\/somoscaldas.pt\/index.php\/wp-json\/wp\/v2\/users\/1"}],"replies":[{"embeddable":true,"href":"https:\/\/somoscaldas.pt\/index.php\/wp-json\/wp\/v2\/comments?post=42"}],"version-history":[{"count":5,"href":"https:\/\/somoscaldas.pt\/index.php\/wp-json\/wp\/v2\/pages\/42\/revisions"}],"predecessor-version":[{"id":378,"href":"https:\/\/somoscaldas.pt\/index.php\/wp-json\/wp\/v2\/pages\/42\/revisions\/378"}],"wp:attachment":[{"href":"https:\/\/somoscaldas.pt\/index.php\/wp-json\/wp\/v2\/media?parent=42"}],"curies":[{"name":"wp","href":"https:\/\/api.w.org\/{rel}","templated":true}]}}