{"id":40,"date":"2025-07-29T21:58:30","date_gmt":"2025-07-29T21:58:30","guid":{"rendered":"https:\/\/somoscaldas.pt\/?page_id=40"},"modified":"2025-10-01T23:09:31","modified_gmt":"2025-10-01T23:09:31","slug":"santo-onofre-e-serra-do-bouro","status":"publish","type":"page","link":"https:\/\/somoscaldas.pt\/index.php\/santo-onofre-e-serra-do-bouro\/","title":{"rendered":"Santo Onofre e Serra do Bouro"},"content":{"rendered":"\n<main class=\"wp-block-group alignfull\" style=\"margin-top:0;margin-bottom:0;padding-top:var(--wp--preset--spacing--50);padding-bottom:var(--wp--preset--spacing--50)\"><div class=\"wp-block-group__inner-container is-layout-constrained wp-block-group-is-layout-constrained\">\n<div class=\"wp-block-columns alignwide is-layout-flex wp-container-core-columns-is-layout-30f78326 wp-block-columns-is-layout-flex\">\n<div class=\"wp-block-column is-layout-flow wp-block-column-is-layout-flow\" style=\"flex-basis:56%\">\n<figure class=\"wp-block-image size-full is-resized\"><img loading=\"lazy\" decoding=\"async\" width=\"740\" height=\"663\" src=\"https:\/\/somoscaldas.pt\/wp-content\/uploads\/2025\/10\/Santo-Onofre-e-Serra-do-Bouro-02-2.png\" alt=\"\" class=\"wp-image-376\" style=\"aspect-ratio:1;object-fit:cover;width:465px;height:auto\" srcset=\"https:\/\/somoscaldas.pt\/wp-content\/uploads\/2025\/10\/Santo-Onofre-e-Serra-do-Bouro-02-2.png 740w, https:\/\/somoscaldas.pt\/wp-content\/uploads\/2025\/10\/Santo-Onofre-e-Serra-do-Bouro-02-2-300x269.png 300w\" sizes=\"auto, (max-width: 740px) 100vw, 740px\" \/><\/figure>\n<\/div>\n\n\n\n<div class=\"wp-block-column is-vertically-aligned-center is-layout-flow wp-block-column-is-layout-flow\">\n<h2 class=\"wp-block-heading\">Caras e Caros Amigos<\/h2>\n\n\n\n<p>Est\u00e1 na hora de mudar. <\/p>\n\n\n\n<p>A nossa comunidade est\u00e1 a necessitar urgentemente de ser ouvida. De ter algu\u00e9m que esteja atento ao que se lhe diz e transforme as opini\u00f5es em progresso para Santo Onofre e Serra do Bouro e proporcione qualidade de vida para os que, como eu, aqui fazem a sua vida. <\/p>\n\n\n\n<p>Servir o pr\u00f3ximo sempre foi a minha forma de estar na vida.<\/p>\n<\/div>\n<\/div>\n\n\n\n<p>Entendo que Somos Caldas, mais que um slogan, \u00e9 um sentimento que nos une a todos, os que c\u00e1 nasceram, os que aqui vieram viver e at\u00e9 aqueles que por v\u00e1rios motivos tiveram de sair. <\/p>\n\n\n\n<p>Espero agora, com a minha equipa que ir\u00e3o conhecer em breve, poder servir a comunidade com o empenho, a for\u00e7a e humildade, que fazem com que as coisas boas, mesmo as mais dif\u00edceis de alcan\u00e7ar, se tornem realidade.<\/p>\n\n\n\n<p><\/p>\n\n\n\n<figure class=\"wp-block-image size-full\"><img loading=\"lazy\" decoding=\"async\" width=\"909\" height=\"609\" src=\"https:\/\/somoscaldas.pt\/wp-content\/uploads\/2025\/10\/Santo-Onofre-e-Serra-do-Bouro-01-1.png\" alt=\"\" class=\"wp-image-242\" srcset=\"https:\/\/somoscaldas.pt\/wp-content\/uploads\/2025\/10\/Santo-Onofre-e-Serra-do-Bouro-01-1.png 909w, https:\/\/somoscaldas.pt\/wp-content\/uploads\/2025\/10\/Santo-Onofre-e-Serra-do-Bouro-01-1-300x201.png 300w, https:\/\/somoscaldas.pt\/wp-content\/uploads\/2025\/10\/Santo-Onofre-e-Serra-do-Bouro-01-1-768x515.png 768w, https:\/\/somoscaldas.pt\/wp-content\/uploads\/2025\/10\/Santo-Onofre-e-Serra-do-Bouro-01-1-850x569.png 850w\" sizes=\"auto, (max-width: 909px) 100vw, 909px\" \/><\/figure>\n<\/div><\/main>\n\n\n\n<h2 class=\"wp-block-heading\"><strong>\u201cJuntos para a Junta\u201d<\/strong><\/h2>\n\n\n\n<p><strong><strong>Programa Eleitoral para a Uni\u00e3o das Freguesias das Caldas da Rainha &#8211; Santo Onofre e Serra do Bouro<\/strong><\/strong><\/p>\n\n\n\n<p>O grau de abandono e esquecimento que a nossa uni\u00e3o de freguesias tem vivido nestes \u00faltimos anos tem sido de t\u00e3o forma grave que todos n\u00f3s o sentimos no dia-a-dia. A nossa comunidade, rica em hist\u00f3ria, tradi\u00e7\u00e3o e com pessoas empenhadas, n\u00e3o tem sido acompanhada de perto como merece, tanto a n\u00edvel de investimento como a n\u00edvel de zelo e de cuidados b\u00e1sicos. N\u00e3o queremos mais sentir que somos o \u201cparente pobre\u201d do nosso concelho.<\/p>\n\n\n\n<p>\u00c9 chegada a altura em que o nosso sentimento de revolta nos leva a um sentimento de apoio e entreajuda.<\/p>\n\n\n\n<p>O nosso compromisso \u00e9 simples: trazer proximidade, transpar\u00eancia e desenvolvimento sustent\u00e1vel, dando voz a cada fregu\u00eas e colocando as pessoas no centro das decis\u00f5es.<\/p>\n\n\n\n<p>Com uma equipa jovem, dedicada e com experi\u00eancia, que tem de tudo um pouco e, como tal, com diversos pontos de vista diferentes, queremos construir uma uni\u00e3o de freguesias mais justa, mais unida e mais viva.<\/p>\n\n\n\n<p><strong>Vis\u00e3o<\/strong><\/p>\n\n\n\n<p>Uma uni\u00e3o de freguesias que valoriza as suas gentes, respeita e ajuda a desenvolver o ambiente, promove a cultura e garante qualidade de vida para todos.<\/p>\n\n\n\n<p>Uma junta pr\u00f3xima, que identifica e resolve problemas, cria oportunidades e defende os interesses da comunidade.<\/p>\n\n\n\n<p><strong>Eixos Estrat\u00e9gicos<\/strong><\/p>\n\n\n\n<ol class=\"wp-block-list\">\n<li><strong>Infraestruturas, Espa\u00e7o P\u00fablico e Mobilidade<\/strong><\/li>\n<\/ol>\n\n\n\n<ul class=\"wp-block-list\">\n<li>Garantir a reabilita\u00e7\u00e3o de equipamentos p\u00fablicos instalados na uni\u00e3o de freguesias, nomeadamente Centro da Juventude (implementando um modelo de gest\u00e3o), Skate Parque, Biblioteca Municipal, equipamentos desportivos, e lutar pela instala\u00e7\u00e3o de novos equipamentos.<\/li>\n\n\n\n<li>Refor\u00e7ar a ilumina\u00e7\u00e3o p\u00fablica em todas as localidades (LED\u2019s, proporcionando maior seguran\u00e7a em zonas escuras).<\/li>\n\n\n\n<li>Implementar um plano de manuten\u00e7\u00e3o regular de ruas, passeios e jardins.<\/li>\n\n\n\n<li>Criar e recuperar espa\u00e7os verdes e de lazer, tornando-os seguros e atrativos para fam\u00edlias (mais bancos, sombras e espa\u00e7os infantis).&nbsp;<\/li>\n\n\n\n<li>Rever a organiza\u00e7\u00e3o do tr\u00e2nsito, em di\u00e1logo com a popula\u00e7\u00e3o, assegurando seguran\u00e7a e fluidez.<\/li>\n\n\n\n<li>Refor\u00e7o de infraestruturas para garantir seguran\u00e7a (Cidade Nova &#8211; Linha do comboio).<\/li>\n\n\n\n<li>Refor\u00e7ar a sinaliza\u00e7\u00e3o de tr\u00e2nsito, pouco eficaz neste momento, para controlar e assegurar a seguran\u00e7a rodovi\u00e1ria na Serra do Bouro.<\/li>\n\n\n\n<li>Mais passadeiras bem sinalizadas e com ilumina\u00e7\u00e3o perto de escolas e zonas movimentadas.&nbsp;<\/li>\n\n\n\n<li>Resolver o problema de tr\u00e1fego na rotunda da Fonte Luminosa<\/li>\n\n\n\n<li>Garantir a cria\u00e7\u00e3o de um estacionamento condigno na Rua 15 de Agosto, junto \u00e0 linha de comboio.<\/li>\n\n\n\n<li>Criar nova rotunda na Avenida Paiva e Sousa e implementar solu\u00e7\u00f5es de acalmia de tr\u00e2nsito<\/li>\n\n\n\n<li>Garantir a manuten\u00e7\u00e3o do espa\u00e7o p\u00fablico no Loteamento de Base Tecnol\u00f3gico, criando condi\u00e7\u00f5es de viv\u00eancia do mesmo.<\/li>\n\n\n\n<li>Cria\u00e7\u00e3o de uma ciclovia da zona desportiva at\u00e9 ao bra\u00e7o lagunar da Barosa, ligando com a ciclovia do Nadadouro.<\/li>\n\n\n\n<li>Promover, em conjunto com o munic\u00edpio, a reformula\u00e7\u00e3o das linhas do TOMA para garantir uma maior cobertura na freguesia de Santo Onofre.<\/li>\n\n\n\n<li>Resolu\u00e7\u00e3o do declive e mau estado do pavimento da estrada do centro social da Serra do Bouro<\/li>\n\n\n\n<li>Criar caminhos pedonais e ciclovias ligando os v\u00e1rios bairros de Santo Onofre (nomeadamente bairro das morenas, bairro do pinheiro manso at\u00e9 \u00e0 urbaniza\u00e7\u00e3o dos pinheiros) com foco central no novo parque e liga\u00e7\u00e3o ao centro da cidade.<\/li>\n\n\n\n<li>Requalifica\u00e7\u00e3o das principais vias de tr\u00e2nsito da Serra do Bouro, nomeadamente buracos e depress\u00f5es, que s\u00e3o um problema di\u00e1rio para os residentes e visitantes.&nbsp;&nbsp;<\/li>\n<\/ul>\n\n\n\n<ol start=\"2\" class=\"wp-block-list\">\n<li><strong>Cultura, Desporto e Identidade Local<\/strong><\/li>\n<\/ol>\n\n\n\n<ul class=\"wp-block-list\">\n<li>Dinamizar a uni\u00e3o de freguesias com eventos culturais e desportivos regulares.<\/li>\n\n\n\n<li>Desenvolver um mercado local mensal para expor o que de melhor temos na nossa uni\u00e3o de freguesias (produtores, artes\u00e3os, artistas, atletas e coletividades).<\/li>\n\n\n\n<li>Mais eventos culturais de pequena escala (concertos de rua, teatro amador, Stand-up comedy, cinema ao ar livre, dan\u00e7a).<\/li>\n\n\n\n<li>Criar um evento anual de refer\u00eancia, dando proje\u00e7\u00e3o \u00e0s freguesias.<\/li>\n\n\n\n<li>Apoiar passeios, torneios e caminhadas que envolvam a comunidade e revertam fundos para pequenas obras locais envolvendo todas as coletividades, desenvolvendo a competi\u00e7\u00e3o saud\u00e1vel entre bairros.<\/li>\n\n\n\n<li>Estudar o reaproveitamento das \u00e1guas termais do Balne\u00e1rio das \u00c1guas Santas.<\/li>\n\n\n\n<li>Requalifica\u00e7\u00e3o dos tanques do Bairro das Morenas.<\/li>\n\n\n\n<li>Estudar o aproveitamento do recurso mineral da Serra do Bouro.<\/li>\n\n\n\n<li>Valorizar e apoiar as coletividades e associa\u00e7\u00f5es, pilares da vida comunit\u00e1ria.<\/li>\n\n\n\n<li>Refor\u00e7o da proximidade e contacto com os comerciantes com o objetivo de trazer pequenos eventos e vida \u00e0 uni\u00e3o de freguesias para impulsionar a economia local.<\/li>\n\n\n\n<li>Promover a liga\u00e7\u00e3o com a outra freguesia da cidade, como forma de ultrapassar a \u201cbarreira\u201d da linha de comboio que as separa.<\/li>\n\n\n\n<li>Criar em conjunto com o munic\u00edpio o conceito de distritos de juventude e desporto e criativo como forma de potenciar o territ\u00f3rio envolvendo a comunidade.<\/li>\n<\/ul>\n\n\n\n<ol start=\"3\" class=\"wp-block-list\">\n<li><strong>Ambiente e Sustentabilidade<\/strong><\/li>\n<\/ol>\n\n\n\n<ul class=\"wp-block-list\">\n<li>Preservar e ampliar os espa\u00e7os verdes, privilegiando o transplante de \u00e1rvores em vez do seu abate.<\/li>\n\n\n\n<li>Desenvolvimento do parque das \u00c1guas Santas com a cria\u00e7\u00e3o de espa\u00e7os dedicados a aromaterapia e espa\u00e7o dedicado a eventos ao ar livre, de forma a ser um verdadeiro parque da cidade, do qual as fam\u00edlias possam usufruir diariamente, criando rotinas que impulsionem o sentimento de qualidade de vida.<\/li>\n\n\n\n<li>Melhorar a gest\u00e3o de res\u00edduos, com recolha adequada de monos e refor\u00e7o da reciclagem.<\/li>\n\n\n\n<li>Incentivar a cria\u00e7\u00e3o de campanhas de reciclagem porta-a-porta com incentivos (vales, descontos e pr\u00e9mios locais).<\/li>\n\n\n\n<li>Criar miradouros e percursos verdes, promovendo o turismo sustent\u00e1vel.<\/li>\n\n\n\n<li>Desenvolver programas de educa\u00e7\u00e3o ambiental em parceria com escolas e associa\u00e7\u00f5es.<\/li>\n<\/ul>\n\n\n\n<ol start=\"4\" class=\"wp-block-list\">\n<li><strong>A\u00e7\u00e3o Social e Comunidade<\/strong><\/li>\n<\/ol>\n\n\n\n<ul class=\"wp-block-list\">\n<li>Implementar programas de apoio a idosos, fam\u00edlias carenciadas e cidad\u00e3os em situa\u00e7\u00e3o de vulnerabilidade.<\/li>\n\n\n\n<li>Programa de apoio a idosos isolados (volunt\u00e1rios para visitas semanais, transporte a consultas at\u00e9 ao simples passar tempo juntos).<\/li>\n\n\n\n<li>Disponibilizar um atendimento pr\u00f3ximo e eficaz na sede da junta, sempre de portas abertas.<\/li>\n\n\n\n<li>Incentivar projetos intergeracionais, ligando jovens e seniores em atividades comuns e conjuntas.<\/li>\n\n\n\n<li>Criar campanhas de limpeza comunit\u00e1ria (\u201cum s\u00e1bado pela freguesia\u201d com volunt\u00e1rios).<\/li>\n\n\n\n<li>Valorizar e integrar o trabalho de volunt\u00e1rios e cidad\u00e3os ativos.<\/li>\n<\/ul>\n\n\n\n<ol start=\"5\" class=\"wp-block-list\">\n<li><strong>Participa\u00e7\u00e3o e Proximidade<\/strong><\/li>\n<\/ol>\n\n\n\n<ul class=\"wp-block-list\">\n<li>Realizar assembleias p\u00fablicas peri\u00f3dicas e ouvir os fregueses.<\/li>\n\n\n\n<li>Garantir transpar\u00eancia total na gest\u00e3o da junta, comunicando regularmente decis\u00f5es e investimentos.<\/li>\n\n\n\n<li>Refor\u00e7ar a colabora\u00e7\u00e3o com a C\u00e2mara Municipal, sem abdicar da defesa firme dos interesses da uni\u00e3o de freguesias.<\/li>\n\n\n\n<li>Cria\u00e7\u00e3o de um pequeno or\u00e7amento participativo para a junta (fomentar a participa\u00e7\u00e3o da sociedade civil).<\/li>\n\n\n\n<li>Apoiar de forma cont\u00ednua as coletividades locais, reconhecendo o seu papel fundamental.<\/li>\n\n\n\n<li>Cria\u00e7\u00e3o de uma din\u00e2mica de interc\u00e2mbio de experi\u00eancias entre as v\u00e1rias val\u00eancias da uni\u00e3o de freguesias, nomeadamente as liga\u00e7\u00f5es entre a criatividade, desporto e juventude, desenvolvendo o conceito de distrito desportivo, da juventude e da criatividade.<\/li>\n<\/ul>\n\n\n\n<p><strong>Compromisso<\/strong><\/p>\n\n\n\n<p>Este programa nasce do di\u00e1logo com a comunidade e da experi\u00eancia de quem conhece os problemas da uni\u00e3o de freguesias por dentro.<\/p>\n\n\n\n<p><strong>Assumimos o compromisso de:<\/strong><\/p>\n\n\n\n<ul class=\"wp-block-list\">\n<li>Trabalhar com dedica\u00e7\u00e3o e proximidade;<\/li>\n\n\n\n<li>Gerir com responsabilidade e transpar\u00eancia;<\/li>\n\n\n\n<li>Ouvir sempre a voz dos cidad\u00e3os antes de decidir.<\/li>\n<\/ul>\n\n\n\n<p>Juntos, vamos transformar a nossa uni\u00e3o de freguesias num lugar mais justo, mais sustent\u00e1vel, mais saud\u00e1vel e mais participativo.<\/p>\n\n\n\n<div class=\"wp-block-buttons is-layout-flex wp-block-buttons-is-layout-flex\">\n<div class=\"wp-block-button\"><a class=\"wp-block-button__link wp-element-button\" href=\"https:\/\/somoscaldas.pt\/wp-content\/uploads\/2025\/10\/Folheto-ONOFRE.pdf\" target=\"_blank\" rel=\"noreferrer noopener\">Folheto Santo Onofre<\/a><\/div>\n<\/div>\n\n\n\n<p><\/p>\n","protected":false},"excerpt":{"rendered":"<p>Caras e Caros Amigos Est\u00e1 na hora de mudar. A nossa comunidade est\u00e1 a necessitar urgentemente de ser ouvida. De ter algu\u00e9m que esteja atento ao que se lhe diz e transforme as opini\u00f5es em progresso para Santo Onofre e Serra do Bouro e proporcione qualidade de vida para os que, como eu, aqui fazem&#8230;<\/p>\n","protected":false},"author":1,"featured_media":0,"parent":0,"menu_order":0,"comment_status":"closed","ping_status":"closed","template":"","meta":{"footnotes":""},"class_list":["post-40","page","type-page","status-publish","hentry"],"_links":{"self":[{"href":"https:\/\/somoscaldas.pt\/index.php\/wp-json\/wp\/v2\/pages\/40","targetHints":{"allow":["GET"]}}],"collection":[{"href":"https:\/\/somoscaldas.pt\/index.php\/wp-json\/wp\/v2\/pages"}],"about":[{"href":"https:\/\/somoscaldas.pt\/index.php\/wp-json\/wp\/v2\/types\/page"}],"author":[{"embeddable":true,"href":"https:\/\/somoscaldas.pt\/index.php\/wp-json\/wp\/v2\/users\/1"}],"replies":[{"embeddable":true,"href":"https:\/\/somoscaldas.pt\/index.php\/wp-json\/wp\/v2\/comments?post=40"}],"version-history":[{"count":12,"href":"https:\/\/somoscaldas.pt\/index.php\/wp-json\/wp\/v2\/pages\/40\/revisions"}],"predecessor-version":[{"id":377,"href":"https:\/\/somoscaldas.pt\/index.php\/wp-json\/wp\/v2\/pages\/40\/revisions\/377"}],"wp:attachment":[{"href":"https:\/\/somoscaldas.pt\/index.php\/wp-json\/wp\/v2\/media?parent=40"}],"curies":[{"name":"wp","href":"https:\/\/api.w.org\/{rel}","templated":true}]}}