{"id":36,"date":"2025-07-29T21:58:04","date_gmt":"2025-07-29T21:58:04","guid":{"rendered":"https:\/\/somoscaldas.pt\/?page_id=36"},"modified":"2025-10-01T23:05:18","modified_gmt":"2025-10-01T23:05:18","slug":"salir-de-matos","status":"publish","type":"page","link":"https:\/\/somoscaldas.pt\/index.php\/salir-de-matos\/","title":{"rendered":"Salir de Matos"},"content":{"rendered":"\n<main class=\"wp-block-group alignfull\" style=\"margin-top:0;margin-bottom:0;padding-top:var(--wp--preset--spacing--50);padding-bottom:var(--wp--preset--spacing--50)\"><div class=\"wp-block-group__inner-container is-layout-constrained wp-block-group-is-layout-constrained\">\n<div class=\"wp-block-columns alignwide is-layout-flex wp-container-core-columns-is-layout-30f78326 wp-block-columns-is-layout-flex\">\n<div class=\"wp-block-column is-layout-flow wp-block-column-is-layout-flow\" style=\"flex-basis:56%\">\n<figure class=\"wp-block-image size-full is-resized\"><img loading=\"lazy\" decoding=\"async\" width=\"682\" height=\"650\" src=\"https:\/\/somoscaldas.pt\/wp-content\/uploads\/2025\/10\/Salir-de-Matos-AF-1.jpg\" alt=\"\" class=\"wp-image-213\" style=\"aspect-ratio:1;object-fit:cover;width:465px;height:auto\" srcset=\"https:\/\/somoscaldas.pt\/wp-content\/uploads\/2025\/10\/Salir-de-Matos-AF-1.jpg 682w, https:\/\/somoscaldas.pt\/wp-content\/uploads\/2025\/10\/Salir-de-Matos-AF-1-300x286.jpg 300w\" sizes=\"auto, (max-width: 682px) 100vw, 682px\" \/><\/figure>\n<\/div>\n\n\n\n<div class=\"wp-block-column is-vertically-aligned-center is-layout-flow wp-block-column-is-layout-flow\">\n<h2 class=\"wp-block-heading\">Caras e Caros Amigos<\/h2>\n\n\n\n<p>Decorridos quatro anos, eu e a minha equipa fomos ao encontro das necessidades da nossa Freguesia, comprometidos e trabalhando com base numa interven\u00e7\u00e3o de proximidade para com a nossa popula\u00e7\u00e3o.<\/p>\n\n\n\n<p>A condu\u00e7\u00e3o dos destinos da Freguesia seguiram uma vis\u00e3o clara e uma linha orientadora de futuro, sempre com respeito pelas nossas ra\u00edzes:<\/p>\n\n\n\n<ul class=\"wp-block-list\">\n<li>Patrim\u00f3nio<\/li>\n\n\n\n<li>Cultura<\/li>\n\n\n\n<li>Tradi\u00e7\u00f5es<\/li>\n\n\n\n<li>Valores<\/li>\n<\/ul>\n<\/div>\n<\/div>\n\n\n\n<p>Pratic\u00e1mos uma gest\u00e3o rigorosa, respons\u00e1vel e transparente.<\/p>\n\n\n\n<p>Recandidatamo-nos para os pr\u00f3ximos quatro anos com o objetivo de um projeto de valoriza\u00e7\u00e3o e aspira\u00e7\u00e3o de uma Freguesia din\u00e2mica e de refer\u00eancia nas seguintes \u00e1reas:<\/p>\n\n\n\n<ul class=\"wp-block-list\">\n<li>Solidariedade | A\u00e7\u00e3o social | Sa\u00fade<\/li>\n\n\n\n<li>Associativismo |Juventude | desporto<\/li>\n\n\n\n<li>Desenvolvimento Econ\u00f3mico | Seguran\u00e7a<\/li>\n\n\n\n<li>Educa\u00e7\u00e3o | Forma\u00e7\u00e3o | conhecimento<\/li>\n\n\n\n<li>Cultura | Tradi\u00e7\u00f5es&nbsp;<\/li>\n<\/ul>\n\n\n\n<p>Queremos que cada Salirmatense se orgulhe das suas origens e que todos os que escolhem a nossa terra para viver se sintam acolhidos e valorizados.<\/p>\n\n\n\n<p>Contamos com o apoio de todos, para juntos continuarmos a construir o futuro da nossa Freguesia.<\/p>\n\n\n\n<p><strong>Juntos fazemos Salir de Matos!<\/strong><\/p>\n\n\n\n<figure class=\"wp-block-image size-full\"><img loading=\"lazy\" decoding=\"async\" width=\"910\" height=\"609\" src=\"https:\/\/somoscaldas.pt\/wp-content\/uploads\/2025\/10\/Salir-de-Matos-AF-2.jpg\" alt=\"\" class=\"wp-image-214\" srcset=\"https:\/\/somoscaldas.pt\/wp-content\/uploads\/2025\/10\/Salir-de-Matos-AF-2.jpg 910w, https:\/\/somoscaldas.pt\/wp-content\/uploads\/2025\/10\/Salir-de-Matos-AF-2-300x201.jpg 300w, https:\/\/somoscaldas.pt\/wp-content\/uploads\/2025\/10\/Salir-de-Matos-AF-2-768x514.jpg 768w, https:\/\/somoscaldas.pt\/wp-content\/uploads\/2025\/10\/Salir-de-Matos-AF-2-850x569.jpg 850w\" sizes=\"auto, (max-width: 910px) 100vw, 910px\" \/><\/figure>\n<\/div><\/main>\n\n\n\n<h2 class=\"wp-block-heading\">Salir de Matos MERECE MAIS.<\/h2>\n\n\n\n<p><strong>Programa Eleitoral para a Freguesia de Salir de Matos<\/strong><\/p>\n\n\n\n<p>O PSD\/CDS de Salir de Matos, apresenta uma lista revitalizada de candidatos, composta por cidad\u00e3os<br>dispon\u00edveis em participar de forma ativa, no desenvolvimento da freguesia!<\/p>\n\n\n\n<p><strong>Compromisso, Miss\u00e3o, Entrega e Dedica\u00e7\u00e3o<\/strong> s\u00e3o os valores que caracterizam o PSD\/CDS e definem uma<br>atitude c\u00edvica, moral e \u00e9tica, na interven\u00e7\u00e3o di\u00e1ria junto da popula\u00e7\u00e3o e na defesa do Poder Local.<\/p>\n\n\n\n<p>Compartilhamos uma vis\u00e3o de inova\u00e7\u00e3o e desenvolvimento para a freguesia, sustentada pelos princ\u00edpios<br>da justi\u00e7a, responsabilidade e equidade, promovendo uma melhoria na qualidade de vida dos nossos fregueses. Apresentamos a continuidade no compromisso, de representar e defender os interesses comuns da freguesia e dos seus habitantes, e de que os pr\u00f3ximos quatro anos, continuar\u00e3o a ser pautados pela diferen\u00e7a, valoriza\u00e7\u00e3o e aspira\u00e7\u00e3o de uma Freguesia com uma din\u00e2mica constante nas diversas compet\u00eancias, destacando como objetivos principais, a\u00e7\u00f5es e medidas apresentadas no nosso Programa Eleitoral.<\/p>\n\n\n\n<p><strong>Solidariedade | A\u00e7\u00e3o Social | Sa\u00fade<\/strong><\/p>\n\n\n\n<ul class=\"wp-block-list\">\n<li>Planear, acompanhar e encaminhar as pessoas em situa\u00e7\u00e3o de exclus\u00e3o social;<\/li>\n\n\n\n<li>Manter a colabora\u00e7\u00e3o com as institui\u00e7\u00f5es da freguesia (ASESM e F\u00e1brica da Igreja);<\/li>\n\n\n\n<li>Gerir recolhas e distribui\u00e7\u00e3o de bens, com o envolvimento das Associa\u00e7\u00f5es locais e da popula\u00e7\u00e3o;<\/li>\n\n\n\n<li>Continuar a colabora\u00e7\u00e3o com as institui\u00e7\u00f5es de sa\u00fade, no sentido de garantir \u00e0 nossa popula\u00e7\u00e3o<br>respostas de qualidade na presta\u00e7\u00e3o dos cuidados de sa\u00fade;<\/li>\n\n\n\n<li>Articular com as respostas sociais do concelho em conformidade com as solu\u00e7\u00f5es adequadas \u00e0s necessidades da popula\u00e7\u00e3o;<\/li>\n\n\n\n<li>Dar continuidade na promo\u00e7\u00e3o e organiza\u00e7\u00e3o do Passeio S\u00e9nior;<\/li>\n\n\n\n<li>Dar continuidade \u00e0s din\u00e2micas de aproxima\u00e7\u00e3o intergeracional, atrav\u00e9s do Projeto \u201cSalir de Matos<br>em Movimento\u201d<\/li>\n<\/ul>\n\n\n\n<p><strong>Associativismo | Juventude | Desporto<\/strong><\/p>\n\n\n\n<ul class=\"wp-block-list\">\n<li>Colaborar com as entidades Associativas da Freguesia, atrav\u00e9s do apoio financeiro e log\u00edstico aos<br>seus planos de atividades;<\/li>\n\n\n\n<li>Revitalizar o Associativismo;<\/li>\n\n\n\n<li>Dar continuidade \u00e0 organiza\u00e7\u00e3o do grande evento \u201cConhece Salir de Matos!? De forma a envolver e<br>promover o associativismo, o com\u00e9rcio e a ind\u00fastria local e os seus artes\u00e3os;<\/li>\n\n\n\n<li>Manter o apoio a atividades de recreio e lazer que envolvam as associa\u00e7\u00f5es e a popula\u00e7\u00e3o em geral;<\/li>\n\n\n\n<li>Organizar e colaborar no pedit\u00f3rio da Associa\u00e7\u00e3o Humanit\u00e1ria dos Bombeiros Volunt\u00e1rios das Caldas da Rainha;<\/li>\n\n\n\n<li>Dinamizar a realiza\u00e7\u00e3o de eventos na Freguesia;<\/li>\n\n\n\n<li>Constru\u00e7\u00e3o das infraestruturas do Polidesportivo junto ao Centro Escolar;<\/li>\n\n\n\n<li>Dar continuidade na manuten\u00e7\u00e3o e constru\u00e7\u00e3o de parques infantis;<\/li>\n\n\n\n<li>Continuar a motivar e sensibilizar para a pr\u00e1tica da atividade f\u00edsica na freguesia.<\/li>\n<\/ul>\n\n\n\n<p><strong>Desenvolvimento Econ\u00f3mico | Turismo | Seguran\u00e7a<\/strong><\/p>\n\n\n\n<ul class=\"wp-block-list\">\n<li>Cooperar e apoiar o com\u00e9rcio e as empresas locais;<\/li>\n\n\n\n<li>Dar continuidade no apoio \u00e0 agricultura no \u00e2mbito do seu desenvolvimento territorial reconhecendo<br>a import\u00e2ncia do espa\u00e7o rural como um lugar de vida, cultura e cidadania;<\/li>\n\n\n\n<li>Defender e reivindicar a valoriza\u00e7\u00e3o da zona industrial da freguesia;<\/li>\n\n\n\n<li>Incentivar, integrar e apoiar os novos residentes na freguesia;<\/li>\n\n\n\n<li>Autonomizar os servi\u00e7os da Junta de Freguesia com a aquisi\u00e7\u00e3o de novos equipamentos;<\/li>\n\n\n\n<li>Manter os servi\u00e7os dispon\u00edveis nas instala\u00e7\u00f5es da Junta de Freguesia, para apoio \u00e0 popula\u00e7\u00e3o:<\/li>\n\n\n\n<li>Posto CTT com atendimento certificado;<\/li>\n\n\n\n<li>Espa\u00e7o Cidad\u00e3o;<\/li>\n\n\n\n<li>Reivindicar junto da C\u00e2mara Municipal e do poder central a delega\u00e7\u00e3o de mais compet\u00eancias na Junta de Freguesia;<\/li>\n\n\n\n<li>Lutar e contribuir para um tur\u00edstico sustentado de forma a garantir que a popula\u00e7\u00e3o local beneficie,<br>assim como quem nos visita, possa desfrutar de um aumento do bem-estar e acesso ao lazer, fortalecendo a identidade e coes\u00e3o social.<\/li>\n\n\n\n<li>Dar continuidade na divulga\u00e7\u00e3o de todo um trabalho desenvolvido pelos nossos ceramistas, mostrando que a uni\u00e3o \u00e9 fundamental para fortalecer a comunidade art\u00edstica e alcan\u00e7ar um impacto mais significativo.<\/li>\n\n\n\n<li>Lutar por um ambiente seguro, fundamental para atrair investimentos e incentivar o empreendedorismo, elementos cruciais para o desenvolvimento.<\/li>\n<\/ul>\n\n\n\n<p><strong>Educa\u00e7\u00e3o | Forma\u00e7\u00e3o | Conhecimento<\/strong><\/p>\n\n\n\n<ul class=\"wp-block-list\">\n<li>Captar e promover a\u00e7\u00f5es de forma\u00e7\u00e3o em diversas \u00e1reas de interesse da popula\u00e7\u00e3o, incentivando<br>a valoriza\u00e7\u00e3o dos seus conhecimentos;<\/li>\n\n\n\n<li>Criar parcerias com escolas e centros de forma\u00e7\u00e3o profissional;<\/li>\n\n\n\n<li>Dar continuidade no apoio aos Agrupamentos de Escolas, na concretiza\u00e7\u00e3o dos seus planos anuais<br>de atividades;<\/li>\n\n\n\n<li>Combate ao desemprego em colabora\u00e7\u00e3o com o IEFP;<\/li>\n\n\n\n<li>Cooperar em projetos inovadores e que valorizem os nossos fregueses;<\/li>\n<\/ul>\n\n\n\n<p><strong>Requalifica\u00e7\u00e3o Urbana | Espa\u00e7os P\u00fablicos | Ambiente<\/strong><\/p>\n\n\n\n<ul class=\"wp-block-list\">\n<li>Dar continuidade na limpeza e conserva\u00e7\u00e3o de ruas, passeios e valetas;<\/li>\n\n\n\n<li>Continuar a manuten\u00e7\u00e3o dos caminhos vicinais e a sua envolv\u00eancia;<\/li>\n\n\n\n<li>Solicitar apoio e coopera\u00e7\u00e3o \u00e0s entidades competentes para a conserva\u00e7\u00e3o do ambiente e da natureza;<\/li>\n\n\n\n<li>Lutar pela defesa ambiental e ecol\u00f3gica da freguesia, atrav\u00e9s da sensibiliza\u00e7\u00e3o e do dever c\u00edvico na<br>import\u00e2ncia da reciclagem;<\/li>\n\n\n\n<li>Promover a requalifica\u00e7\u00e3o urbana na freguesia;<\/li>\n\n\n\n<li>Dar continuidade na manuten\u00e7\u00e3o e amplia\u00e7\u00e3o dos espa\u00e7os verdes da freguesia, com a planta\u00e7\u00e3o de<br>\u00e1rvores aut\u00f3ctones;<\/li>\n\n\n\n<li>Refor\u00e7ar a seguran\u00e7a p\u00fablica, com a colabora\u00e7\u00e3o das entidades competentes.<\/li>\n<\/ul>\n\n\n\n<p><strong>Cultura | Tradi\u00e7\u00f5es<\/strong><\/p>\n\n\n\n<ul class=\"wp-block-list\">\n<li>Incentivar, promover e divulgar a cultura e as tradi\u00e7\u00f5es locais:<\/li>\n\n\n\n<li>Magusto;<\/li>\n\n\n\n<li>P\u00e3o por Deus;<\/li>\n\n\n\n<li>Desfile de Carnaval com as crian\u00e7as da EB de Salir de Matos e Coto e a ASESM;<\/li>\n\n\n\n<li>Comemora\u00e7\u00e3o da Eleva\u00e7\u00e3o a Vila;<\/li>\n\n\n\n<li>Apoio e divulga\u00e7\u00e3o do Museu Etnogr\u00e1fico.<\/li>\n<\/ul>\n\n\n\n<div class=\"wp-block-buttons is-layout-flex wp-block-buttons-is-layout-flex\">\n<div class=\"wp-block-button\"><a class=\"wp-block-button__link wp-element-button\" href=\"https:\/\/somoscaldas.pt\/wp-content\/uploads\/2025\/10\/Folheto-SALIR.pdf\" target=\"_blank\" rel=\"noreferrer noopener\">Folheto Salir de Matos<\/a><\/div>\n<\/div>\n\n\n\n<p><\/p>\n","protected":false},"excerpt":{"rendered":"<p>Caras e Caros Amigos Decorridos quatro anos, eu e a minha equipa fomos ao encontro das necessidades da nossa Freguesia, comprometidos e trabalhando com base numa interven\u00e7\u00e3o de proximidade para com a nossa popula\u00e7\u00e3o. A condu\u00e7\u00e3o dos destinos da Freguesia seguiram uma vis\u00e3o clara e uma linha orientadora de futuro, sempre com respeito pelas nossas&#8230;<\/p>\n","protected":false},"author":1,"featured_media":0,"parent":0,"menu_order":0,"comment_status":"closed","ping_status":"closed","template":"","meta":{"footnotes":""},"class_list":["post-36","page","type-page","status-publish","hentry"],"_links":{"self":[{"href":"https:\/\/somoscaldas.pt\/index.php\/wp-json\/wp\/v2\/pages\/36","targetHints":{"allow":["GET"]}}],"collection":[{"href":"https:\/\/somoscaldas.pt\/index.php\/wp-json\/wp\/v2\/pages"}],"about":[{"href":"https:\/\/somoscaldas.pt\/index.php\/wp-json\/wp\/v2\/types\/page"}],"author":[{"embeddable":true,"href":"https:\/\/somoscaldas.pt\/index.php\/wp-json\/wp\/v2\/users\/1"}],"replies":[{"embeddable":true,"href":"https:\/\/somoscaldas.pt\/index.php\/wp-json\/wp\/v2\/comments?post=36"}],"version-history":[{"count":5,"href":"https:\/\/somoscaldas.pt\/index.php\/wp-json\/wp\/v2\/pages\/36\/revisions"}],"predecessor-version":[{"id":372,"href":"https:\/\/somoscaldas.pt\/index.php\/wp-json\/wp\/v2\/pages\/36\/revisions\/372"}],"wp:attachment":[{"href":"https:\/\/somoscaldas.pt\/index.php\/wp-json\/wp\/v2\/media?parent=36"}],"curies":[{"name":"wp","href":"https:\/\/api.w.org\/{rel}","templated":true}]}}