{"id":34,"date":"2025-07-29T21:57:51","date_gmt":"2025-07-29T21:57:51","guid":{"rendered":"https:\/\/somoscaldas.pt\/?page_id=34"},"modified":"2025-10-01T23:04:21","modified_gmt":"2025-10-01T23:04:21","slug":"nossa-senhora-do-populo-coto-e-sao-gregorio","status":"publish","type":"page","link":"https:\/\/somoscaldas.pt\/index.php\/nossa-senhora-do-populo-coto-e-sao-gregorio\/","title":{"rendered":"Nossa Senhora do P\u00f3pulo, Coto e S\u00e3o Greg\u00f3rio"},"content":{"rendered":"\n<main class=\"wp-block-group alignfull\" style=\"margin-top:0;margin-bottom:0;padding-top:var(--wp--preset--spacing--50);padding-bottom:var(--wp--preset--spacing--50)\"><div class=\"wp-block-group__inner-container is-layout-constrained wp-block-group-is-layout-constrained\">\n<div class=\"wp-block-columns alignwide is-layout-flex wp-container-core-columns-is-layout-30f78326 wp-block-columns-is-layout-flex\">\n<div class=\"wp-block-column is-layout-flow wp-block-column-is-layout-flow\" style=\"flex-basis:56%\">\n<figure class=\"wp-block-image size-full is-resized\"><img loading=\"lazy\" decoding=\"async\" width=\"646\" height=\"657\" src=\"https:\/\/somoscaldas.pt\/wp-content\/uploads\/2025\/10\/Nossa-Senhora-do-Populo-Coto-e-Sao-Gregorio-02.png\" alt=\"\" class=\"wp-image-189\" style=\"aspect-ratio:1;object-fit:cover;width:465px;height:auto\" srcset=\"https:\/\/somoscaldas.pt\/wp-content\/uploads\/2025\/10\/Nossa-Senhora-do-Populo-Coto-e-Sao-Gregorio-02.png 646w, https:\/\/somoscaldas.pt\/wp-content\/uploads\/2025\/10\/Nossa-Senhora-do-Populo-Coto-e-Sao-Gregorio-02-295x300.png 295w, https:\/\/somoscaldas.pt\/wp-content\/uploads\/2025\/10\/Nossa-Senhora-do-Populo-Coto-e-Sao-Gregorio-02-300x305.png 300w\" sizes=\"auto, (max-width: 646px) 100vw, 646px\" \/><\/figure>\n<\/div>\n\n\n\n<div class=\"wp-block-column is-vertically-aligned-center is-layout-flow wp-block-column-is-layout-flow\">\n<h2 class=\"wp-block-heading\">Caras e Caros Amigos<\/h2>\n\n\n\n<p>A nossa Freguesia precisa e vai ter uma nova energia.<\/p>\n\n\n\n<p>A minha experi\u00eancia como vereador na C\u00e2mara (2017-21) permitiu-me conhecer por dentro os desafios da nossa terra, desde a manuten\u00e7\u00e3o dos nossos espa\u00e7os verdes, a din\u00e2mica e desafios dos mercados, at\u00e9 ao apoio \u00e0 juventude e ao desporto. Agora, quero colocar essas compet\u00eancias ao vosso servi\u00e7o. Quero liderar esta important\u00edssima Junta com uma gest\u00e3o presente e em permanente di\u00e1logo com todos v\u00f3s.<\/p>\n<\/div>\n<\/div>\n\n\n\n<p>O nosso futuro passa por cuidar do que \u00e9 nosso: valorizar o patrim\u00f3nio \u00fanico que nos define, apoiar as coletividades que s\u00e3o a alma da nossa comunidade e garantir que as nossas ruas, jardins, Parque, Mata e espa\u00e7os p\u00fablicos est\u00e3o impec\u00e1veis. Sempre focado no trabalho, comprometo-me a construir uma Freguesia coesa e din\u00e2mica, onde cada bairro e cada lugar contam para o nosso futuro.<\/p>\n\n\n\n<p><strong>Uma Freguesia que tenha uma incompar\u00e1vel qualidade de vida, onde todos possamos sentir orgulhosamente que SOMOS CALDAS!<\/strong><\/p>\n\n\n\n<p><\/p>\n\n\n\n<figure class=\"wp-block-image size-full\"><img loading=\"lazy\" decoding=\"async\" width=\"910\" height=\"611\" src=\"https:\/\/somoscaldas.pt\/wp-content\/uploads\/2025\/10\/Nossa-Senhora-do-Populo-Coto-e-Sao-Gregorio-01.png\" alt=\"\" class=\"wp-image-188\" srcset=\"https:\/\/somoscaldas.pt\/wp-content\/uploads\/2025\/10\/Nossa-Senhora-do-Populo-Coto-e-Sao-Gregorio-01.png 910w, https:\/\/somoscaldas.pt\/wp-content\/uploads\/2025\/10\/Nossa-Senhora-do-Populo-Coto-e-Sao-Gregorio-01-300x201.png 300w, https:\/\/somoscaldas.pt\/wp-content\/uploads\/2025\/10\/Nossa-Senhora-do-Populo-Coto-e-Sao-Gregorio-01-768x516.png 768w, https:\/\/somoscaldas.pt\/wp-content\/uploads\/2025\/10\/Nossa-Senhora-do-Populo-Coto-e-Sao-Gregorio-01-850x571.png 850w\" sizes=\"auto, (max-width: 910px) 100vw, 910px\" \/><\/figure>\n\n\n\n<h2 class=\"wp-block-heading\">Nossa Sra. do P\u00f3pulo, Coto e S\u00e3o Greg\u00f3rio MERECEM MAIS.<\/h2>\n<\/div><\/main>\n\n\n\n<p><strong>Programa Eleitoral para a Freguesia de Nossa Sra. do P\u00f3pulo, Coto e S\u00e3o Greg\u00f3rio<\/strong><\/p>\n\n\n\n<p>Os <strong>caldenses<\/strong> do <strong>P\u00f3pulo, Coto e S\u00e3o Greg\u00f3rio<\/strong> reconhecem nos membros da Lista AD \u2013 PSD\/CDS capacidade para fazer acontecer um Projeto que os une sob o lema <strong>SOMOS CALDAS<\/strong>. Na lideran\u00e7a e composi\u00e7\u00e3o deste Projeto encontram rostos conhecidos do contacto no dia-a-dia, podendo contar com proximidade pela frequente presen\u00e7a nas ruas, nos bairros e em atividades sociais, culturais, desportivas, entre outras em espa\u00e7o p\u00fablico.&nbsp;<\/p>\n\n\n\n<p>Queremos realizar um caminho conjunto, recebendo-o presencialmente ou ouvindo-o por contacto telef\u00f3nico, rumo \u00e0 nossa vis\u00e3o de democracia avan\u00e7ada, de gest\u00e3o p\u00fablica de proximidade e com um horizonte futuro que nos orienta no presente, com especial motiva\u00e7\u00e3o, entusiasmo e energia para gerir, cuidar, servir. Contamos consigo!<\/p>\n\n\n\n<p><strong>S\u00c1UDE<\/strong><\/p>\n\n\n\n<p><strong>SOMOS PELO ACOMPANHAMENTO E INFORMA\u00c7\u00c3O \u00c0 COMUNIDADE DAS CONDI\u00c7\u00d5ES DO CENTRO DE SA\u00daDE DAS CALDAS DA RAINHA <\/strong>como forma de contribuir para o envolvimento ativo na comunidade e informa\u00e7\u00e3o sobre a obra de reabilita\u00e7\u00e3o. Complementarmente, a Junta apoiar\u00e1 a unidade de cuidados de sa\u00fade prim\u00e1rios com enfoque nas medidas que visem a redu\u00e7\u00e3o do n\u00famero de utentes sem m\u00e9dico de fam\u00edlia e o aumento da literacia em sa\u00fade e capacita\u00e7\u00e3o dos cidad\u00e3os para ado\u00e7\u00e3o de estilos de vida mais saud\u00e1veis.<\/p>\n\n\n\n<p><strong>SOMOS PELO ACOMPANHAMENTO DOS PLANOS LOCAIS DE DESFIBRILHADORES AUTOM\u00c1TICOS EXTERNOS INSTALADOS NA FREGUESIA<\/strong>, valorizando o investimento municipal realizado no mandato 2017-21 e garantindo operacionalidade, atualiza\u00e7\u00e3o de forma\u00e7\u00e3o e aumento da rede de operadores de DAE formados pela SALVAR \u2013 Associa\u00e7\u00e3o C\u00edvica do Oeste.<\/p>\n\n\n\n<p><strong>SOMOS PELA ARTICULA\u00c7\u00c3O PROFUNDA COM AS REDES DE APOIO SOCIAL E DE CUIDADORES<\/strong>, na aquisi\u00e7\u00e3o de medicamentos pelos mais carenciados; proporcionando acesso gratuito a apoio psicol\u00f3gico em casos de incapacidade econ\u00f3mica e de produtos alimentares a fam\u00edlias carenciadas; apoiando na aquisi\u00e7\u00e3o de equipamentos musicais em crian\u00e7as e jovens sem possibilidades; apoiando toda a rede de cuidadores nas suas m\u00faltiplas val\u00eancias; incentivando o voluntariado para apoio ao idosos mais isolados; monitorizando e acompanhando solu\u00e7\u00f5es para os que se encontrem em condi\u00e7\u00e3o sem abrigo.&nbsp;&nbsp;&nbsp;&nbsp;<\/p>\n\n\n\n<p><strong>EDUCA\u00c7\u00c3O<\/strong><\/p>\n\n\n\n<p><strong>SOMOS PELA QUALIDADE ONDE EDUCAMOS<\/strong><strong>, <\/strong>como tal valorizamos a qualidade do espa\u00e7o de ensino. Incidiremos a nossa a\u00e7\u00e3o na articula\u00e7\u00e3o de meios necess\u00e1rios \u00e0 <strong>manuten\u00e7\u00e3o e reabilita\u00e7\u00e3o dos jardins de inf\u00e2ncia, suas instala\u00e7\u00f5es, \u00e1reas de apoio e equipamentos<\/strong>. Implementaremos a\u00e7\u00f5es de manuten\u00e7\u00e3o das condi\u00e7\u00f5es de acessibilidade, sinal\u00e9tica, seguran\u00e7a e higiene, sem esquecer os equipamentos das localidades n\u00e3o urbanas do Coto e de S\u00e3o Greg\u00f3rio.<\/p>\n\n\n\n<p><strong>SOMOS PELA REABERTURA DA ESCOLA B\u00c1SICA DO 1.\u00ba CICLO DO COTO<\/strong>, dando resposta ao encerramento durante o ano letivo 2022\/23, por falta de repara\u00e7\u00f5es estruturais.&nbsp;<\/p>\n\n\n\n<p><strong>SOMOS PELA CRIA\u00c7\u00c3O DE UMA CRECHE NO COTO, <\/strong>dando resposta p\u00fablica \u00e0s necessidades de fam\u00edlias residentes no territ\u00f3rio da uni\u00e3o de freguesias e promovendo a organiza\u00e7\u00e3o social e educativa da localidade e a articula\u00e7\u00e3o entre diferentes n\u00edveis de ensino do sistema educativo, favorecendo a cria\u00e7\u00e3o\/ refor\u00e7o de um polo de centralidade na localidade.<\/p>\n\n\n\n<p><strong>SOMOS PELA ATRATIVIDADE DA OFERTA EDUCATIVA<\/strong><strong>, <\/strong>fazendo parte ativa no apoio de projetos educativos e de forma\u00e7\u00e3o profissional pelo modo como impactam no trabalho e na economia da cidade, do concelho e da regi\u00e3o. Em paralelo com o ensino geral, existe oportunidade de colabora\u00e7\u00e3o, no plano do ensino profissional com <strong>CENFIM, CENCAL, ETEO<\/strong>, <strong>EHTO e ESRBP<\/strong> e, no plano do ensino superior, com a <strong>ESAD-IPLeiria<\/strong>.&nbsp;<\/p>\n\n\n\n<p><strong>ECONOMIA E COM\u00c9RCIO<\/strong><\/p>\n\n\n\n<p><strong>SOMOS PELA MODERNIZA\u00c7\u00c3O DO COM\u00c9RCIO LOCAL<\/strong><strong> <\/strong>sustentada no epicentro do com\u00e9rcio tradicional e representado na centen\u00e1ria <strong>Pra\u00e7a da Fruta<\/strong> onde, a partir desta se afirmam percursos de lojas e servi\u00e7os tradicionais que Caldas da Rainha oferece. Defendemos igual relev\u00e2ncia do <strong>Mercado do Peixe<\/strong> pelo refor\u00e7o do papel que os mercados p\u00fablicos assumem em v\u00e1rias dimens\u00f5es. Em conjunto com a C\u00e2mara Municipal, daremos continuidade \u00e0s solu\u00e7\u00f5es, projetadas em 2019, de moderniza\u00e7\u00e3o dos mercados e est\u00edmulo direto a comerciantes e clientes.&nbsp;<\/p>\n\n\n\n<p><strong>CULTURA<\/strong><\/p>\n\n\n\n<p><strong>SOMOS PELA CULTURA<\/strong>, porque vamos integrar a oferta cultural na vida da cidade, do Coto e de S\u00e3o Greg\u00f3rio. Ser\u00e1 dada aten\u00e7\u00e3o especial \u00e0 <strong>aquisi\u00e7\u00e3o de <\/strong><strong><em>kits <\/em><\/strong><strong>de equipamentos t\u00e9cnicos que assegurem condi\u00e7\u00f5es de dinamiza\u00e7\u00e3o de forma\u00e7\u00e3o, ensaios e pequenos espet\u00e1culos em sala com palco nas associa\u00e7\u00f5es e coletividades<\/strong>.&nbsp;<\/p>\n\n\n\n<p><strong>SOMOS POR UMA MATRIZ CULTURAL<\/strong>, que integra o Centro Cultural e de Congressos de Caldas da Rainha numa Pol\u00edtica P\u00fablica de Cultura, com objetivos e metas a atingir.<\/p>\n\n\n\n<p><strong>SOMOS PELA CRIA\u00c7\u00c3O DE SINERGIAS CULTURAIS E DE RELA\u00c7\u00c3O ENTRE EQUIPAMENTOS INSTALADOS<\/strong>, promovendo nova roupagem na forma da popula\u00e7\u00e3o viver o espa\u00e7o p\u00fablico e o patrim\u00f3nio existente. Proporemos <strong>nova ilumina\u00e7\u00e3o da obra <\/strong><strong><em>Orfeu e Eur\u00eddice<\/em><\/strong><strong>, <\/strong>composta por dos mil metros quadrados de azulejos, pratos e pe\u00e7as cer\u00e2micas que decoram as duas paredes que ladeiam a passagem inferior ao caminho-de-ferro, junto do Largo da Vaccum, da autoria do <strong>Mestre Ferreira da Silva. <\/strong>Acompanharemos a <strong>requalifica\u00e7\u00e3o da obra<\/strong><strong><em> Jardim de \u00c1gua<\/em><\/strong> do mesmo autor.<\/p>\n\n\n\n<p><strong>SOMOS PELA CRIATIVIDADE<\/strong>, pretendendo viver a classifica\u00e7\u00e3o <strong><em>Caldas da Rainha, Cidade Criativa da UNESCO<\/em><\/strong> nas v\u00e1rias dimens\u00f5es da programa\u00e7\u00e3o cultural e de modo a assegurar a proje\u00e7\u00e3o internacional de Caldas da Rainha numa economia alicer\u00e7ada e inspirada na produ\u00e7\u00e3o criativa e na sua potencial cadeia de valor.<\/p>\n\n\n\n<p><strong>DESPORTO E ATIVIDADE F\u00cdSICA<\/strong><\/p>\n\n\n\n<p><strong>SOMOS PELOS S\u00c9NIORES COM + QUALIDADE DE VIDA<\/strong>, pelo que a Freguesia promover\u00e1, em articula\u00e7\u00e3o com a rede de atores, a participa\u00e7\u00e3o e o alargamento de sess\u00f5es de atividade f\u00edsica s\u00e9nior destinadas \u00e0 comunidade. Daremos particular relevo \u00e0 promo\u00e7\u00e3o do <strong>Programa Municipal Seniores +<\/strong>, incluindo novos contornos em resposta a segmentos de necessidades de sa\u00fade, condi\u00e7\u00e3o f\u00edsica, ps\u00edquica, social e ou familiar. Complementarmente, promove-se a <strong>organiza\u00e7\u00e3o do passeio anual para a comunidade s\u00e9nior da Freguesia<\/strong>, proporcionando momentos de socializa\u00e7\u00e3o, conv\u00edvio, anima\u00e7\u00e3o cultural, atividade f\u00edsica e entretenimento.&nbsp;<\/p>\n\n\n\n<p><strong>SOMOS PELOS PROGRAMAS E EVENTOS QUE SE MEDEM E IMPACTAM<\/strong>,<strong> <\/strong>porque os eventos desportivos<strong> <\/strong>s\u00e3o um investimento p\u00fablico que n\u00e3o prescinde da avalia\u00e7\u00e3o final sobre o alcance de objetivos \/ impactos desportivos, sociais, econ\u00f3micos, tur\u00edsticos, ambientais e medi\u00e1ticos. <strong>A Freguesia disponibilizar\u00e1 um Caderno de Encargos que estruture os objetivos de interesse p\u00fablico no acolhimento de eventos desportivos nacionais e internacionais<\/strong>, auxiliando os organizadores.<strong> <\/strong>A medida integra, com as necess\u00e1rias adapta\u00e7\u00f5es, o<strong> PROGRAMA UAARE \u2013 Unidade de Apoio ao Alto Rendimento na Escola <\/strong>oferecido na Escola Secund\u00e1ria Rafael Bordalo Pinheiro.<strong>&nbsp;<\/strong><\/p>\n\n\n\n<p><strong>SOMOS PELA REABILITA\u00c7\u00c3O E MODERNIZA\u00c7\u00c3O DOS ESPA\u00c7OS DE JOGO E RECREIO<\/strong><strong>, <\/strong>a partir de um referencial comum e aplic\u00e1vel aos cerca de 15 existentes na Freguesia, valorizando o design atrativo e que promova a utiliza\u00e7\u00e3o em condi\u00e7\u00f5es de limpeza, seguran\u00e7a, modernidade e sustentabilidade.&nbsp;<\/p>\n\n\n\n<p><strong>RESTABELECER A ORGANIZA\u00c7\u00c3O ANUAL DA <\/strong><strong><em>CORRIDA PELA VIDA<\/em><\/strong><strong>, <\/strong>pelos resultados obtidos nas edi\u00e7\u00f5es passadas e pela causa do evento, a sua localiza\u00e7\u00e3o e os benef\u00edcios diretos e indiretos gerados.<\/p>\n\n\n\n<p><strong>ASSOCIATIVISMO<\/strong><\/p>\n\n\n\n<p><strong>SOMOS PELA FORMA\u00c7\u00c3O DE DIRIGENTES E PELO VOLUNTARIADO<\/strong>, complementando a a\u00e7\u00e3o nas \u00e1reas do desporto, da juventude e da cultura, com vantagens de maior proximidade dos desafios que hoje o associativismo local apresenta. Ser\u00e3o implementados programas que visam atualizar compet\u00eancias, enquadrar a sua a\u00e7\u00e3o dentro da moldura t\u00e9cnica e normativa espec\u00edfica, incentivar a participa\u00e7\u00e3o em programas nacionais, como por exemplo o <strong>Clube TOP<\/strong> no dom\u00ednio do Desporto e o <strong>Formar +<\/strong> no dom\u00ednio da Juventude (IPDJ, IP).&nbsp;<\/p>\n\n\n\n<p><strong>SOMOS PELA PROMO\u00c7\u00c3O E PELO EMPODERAMENTO DAS ASSSOCIA\u00c7\u00d5ES,<\/strong> sendo do interesse p\u00fablico, identificar e promover casos de sucesso que constituem refer\u00eancias para a comunidade e contribuem para a coes\u00e3o. Associa\u00e7\u00f5es como o <strong>Caldas Sport Clube<\/strong>, <strong>Sporting Clube das Caldas<\/strong>, <strong>Casa do Benfica das Caldas da Rainha<\/strong> ou <strong>Clube de T\u00e9nis das Caldas da Rainha<\/strong>, sem esquecer associa\u00e7\u00f5es emergentes como a <strong>Recreio Club<\/strong> (Projeto <strong>Olha-Te<\/strong>), <strong>Biogleba<\/strong> (dom\u00ednio da educa\u00e7\u00e3o e sensibiliza\u00e7\u00e3o ambiental), ou a <strong>OSSO \u2013 Associa\u00e7\u00e3o Cultural <\/strong>(S\u00e3o Greg\u00f3rio), motivam a Freguesia a liderar an\u00e1lise, recolha de acervo e promo\u00e7\u00e3o das a\u00e7\u00f5es e do impacto que as associa\u00e7\u00f5es geram.&nbsp;<\/p>\n\n\n\n<p><strong>ESPA\u00c7OS VERDES<\/strong><\/p>\n\n\n\n<p><strong>SOMOS PELA EXCEL\u00caNCIA DA ORGANIZA\u00c7\u00c3O E APRESENTA\u00c7\u00c3O DAS \u00c1REAS VERDES<\/strong><strong>, <\/strong>garantindo solu\u00e7\u00f5es que marquem positivamente a rela\u00e7\u00e3o das pessoas com os lugares (topofilia). Ser\u00e3o implementadas medidas de manuten\u00e7\u00e3o e reorganiza\u00e7\u00e3o de espa\u00e7os verdes que, pela sua \u00e1rea, exposi\u00e7\u00e3o \/ localiza\u00e7\u00e3o, hist\u00f3ria, representam oportunidade de valorizar a cidade \/ a Freguesia, as ruas, humanizando a experi\u00eancia dos residentes e de quem nos visita.&nbsp;<\/p>\n\n\n\n<p><strong>SOMOS PELA PLANTA\u00c7\u00c3O DE MAIS \u00c1RVORES EM CONTEXTO URBANO<\/strong><strong>, <\/strong>assegurando a qualidade ambiental, urban\u00edstica e paisag\u00edstica. Assegurando sombreamento e conforto aos cidad\u00e3os. Esta medida deve articular-se com uma <strong>Carta Municipal de Espa\u00e7os Verdes<\/strong>, promovendo a elimina\u00e7\u00e3o de assimetrias que o espa\u00e7o urbano apresenta.<\/p>\n\n\n\n<p><strong>SOMOS PELA DEFINI\u00c7\u00c3O DE UM PLANO OPERACIONAL DE MANUTEN\u00c7\u00c3O PARA O PARQUE D. CARLOS I E MATA RAINHA D. LEONOR<\/strong>, garantindo estabilidade das interven\u00e7\u00f5es de manuten\u00e7\u00e3o e uma orienta\u00e7\u00e3o t\u00e9cnica especializada que articule manuten\u00e7\u00f5es (corretivas, preventivas e peri\u00f3dicas) com a natureza das atividades que se organizam ao longo do ano e a carga que da\u00ed resulta.<\/p>\n\n\n\n<p><strong>GEST\u00c3O E ADMINISTRA\u00c7\u00c3O P\u00daBLICA<\/strong><\/p>\n\n\n\n<p><strong>SOMOS PELO HOR\u00c1RIO DE ATENDIMENTO QUINZENAL DESCENTRALIZADO NO COTO E EM S\u00c3O GREG\u00d3RIO, <\/strong>e um atendimento presencial semanal em Nossa Sra. do P\u00f3pulo, abrindo as portas dos edif\u00edcios da Junta \u00e0 comunidade para ouvir, compreender, agir e servir.<\/p>\n\n\n\n<p><strong>SOMOS PELAS ASSEMBLEIAS DE FREGUESIA DESCENTRALIZADOS NO COTO E EM S\u00c3O GRAG\u00d3RIO, <\/strong>assegurando envolvimento das localidades \/ comunidade com a realiza\u00e7\u00e3o de pelo menos quatro reuni\u00f5es descentralizadas no mandato.<\/p>\n\n\n\n<p><strong>SOMOS PELAS A\u00c7\u00d5ES DE SUPORTE DIGITAL<\/strong>, promovendo o apoio direto aos cidad\u00e3os e \u00e0 sua autonomia em processos passiveis de se realizarem <em>on-line<\/em>, como apresenta\u00e7\u00e3o de um requerimento, marca\u00e7\u00e3o de consultas m\u00e9dicas, renova\u00e7\u00e3o da carta de condu\u00e7\u00e3o, entre outros e incluindo a\u00e7\u00f5es de car\u00e1cter informativo e tendo o <em>site<\/em> institucional como 1.\u00aa plataforma.<\/p>\n\n\n\n<p><strong>SOMOS PELA PARTICIPA\u00c7\u00c3O NO PROJETO ECO-FREGUESIAS XXI (Associa\u00e7\u00e3o Bandeira Azul de Ambiente e Educa\u00e7\u00e3o)<\/strong>, pretendendo incrementar o desenvolvimento sustent\u00e1vel \u00e0 escala local, envolvendo os cidad\u00e3os, a rede de atores p\u00fablicos e privados e os dirigentes da Junta de Freguesia na constru\u00e7\u00e3o de uma sustentabilidade participada. Promoveremos as boas pr\u00e1ticas j\u00e1 distinguidas neste Projeto e estimularemos, criativamente, novas participa\u00e7\u00f5es.&nbsp;<\/p>\n\n\n\n<p><strong>SOMOS PELA CONSTRU\u00c7\u00c3O DE UMA AGENDA LOCAL 21 (AL21)<\/strong>, capaz de, em articula\u00e7\u00e3o com a\u00e7\u00f5es da C\u00e2mara, promover um compromisso da Freguesia com as gera\u00e7\u00f5es futuras no dom\u00ednio dos Objetivos de Desenvolvimento Sustent\u00e1vel (ODS) da Agenda 2030. Contamos com os estabelecimentos de ensino e com a rede de atores que o territ\u00f3rio acolhe.<\/p>\n\n\n\n<p><strong>SOMOS POR UMA GEST\u00c3O DA LIMPEZA E HIGIENE URBANA COOPERANTE, ARTICULADA E EFICIENTE<\/strong>, suportada na articula\u00e7\u00e3o de trabalho entre C\u00e2mara e juntas de freguesia do n\u00facleo urbano e fora deste e na moderniza\u00e7\u00e3o de ferramentas operacionais e meios de apoio disponibilizados aos colaboradores. Complementarmente<strong>, \u00e9 criada uma rede de contactos de representantes de \u00e1reas residenciais (tutores de bairro, associa\u00e7\u00f5es ou comiss\u00f5es de moradores ou condom\u00ednios)<\/strong> com o intuito de promover proximidade e celeridade de resposta a situa\u00e7\u00f5es-problema s\u00fabitas como entulhos despejados, sobrecarga em contentores e ecopontos, limpeza de bermas e passeios, entre outras situa\u00e7\u00f5es.&nbsp;<\/p>\n\n\n\n<p><strong>SOMOS PELA INFORMA\u00c7\u00c3O COMO 1.\u00ba MECANISMO DE PREVEN\u00c7\u00c3O DE RISCOS EM SEGURAN\u00c7A P\u00daBLICA<\/strong>, assumindo uma a\u00e7\u00e3o da Junta de Freguesia que, a partir da informa\u00e7\u00e3o das entidades oficiais PSP e GNR, contribui para esclarecimento e constru\u00e7\u00e3o de comportamentos de preven\u00e7\u00e3o em contextos espec\u00edficos da seguran\u00e7a: em casa, de f\u00e9rias, na rua, na localidade fora da cidade, \u00e0 noite, na escola, nas redes sociais, na internet, no telem\u00f3vel e ou no multibanco.&nbsp;<\/p>\n\n\n\n<p><strong>SOMOS PELA REESTRUTURA\u00c7\u00c3O DAS LINHAS DO TOMA<\/strong>, com maior abrang\u00eancia territorial, nomeadamente a S\u00e3o Crist\u00f3v\u00e3o, Coto, Fanadia e S\u00e3o Greg\u00f3rio, integrando rotas \/ hor\u00e1rio que constitua solu\u00e7\u00e3o de mobilidade.&nbsp;<\/p>\n\n\n\n<p><strong>SOMOS PELAS SOLU\u00c7\u00d5ES DE ESTACIONAMENTO NA FREGUESIA<\/strong>, como resposta ao crescente n\u00famero de ve\u00edculos e \u00e0 intensidade de tr\u00e1fego que a cidade atra\u00ed nos per\u00edodos semanais de maior atividade comercial, na realiza\u00e7\u00e3o de eventos culturais, desportivos, feiras, entre outras realiza\u00e7\u00f5es.<\/p>\n\n\n\n<p><strong>SOMOS PELA MELHORIA DA CIRCULA\u00c7\u00c3O NA MALHA URBANA<\/strong>, entendendo a Junta de Freguesia como parte interessada na cria\u00e7\u00e3o de condi\u00e7\u00f5es que melhorem a circula\u00e7\u00e3o e a mobilidade urbana. Em rede, articulando solu\u00e7\u00f5es com Escolas de Condu\u00e7\u00e3o, Taxistas, Bombeiros, Pol\u00edcia, Rodovi\u00e1ria do Oeste, PSP, GNR e Prote\u00e7\u00e3o Civil, pretende-se projetar a <strong>cria\u00e7\u00e3o de uma zona de manobras<\/strong> <strong>capaz de simular e substituir a utiliza\u00e7\u00e3o das vias rodovi\u00e1rias urbanas<\/strong>. Este projeto comtempla o envolvimento das freguesias urbanas, periurbanas e da C\u00e2mara Municipal, assegurando criteriosa solu\u00e7\u00e3o de localiza\u00e7\u00e3o e tendo por refer\u00eancia as condi\u00e7\u00f5es pr\u00e9-existentes.<\/p>\n\n\n\n<div class=\"wp-block-buttons is-layout-flex wp-block-buttons-is-layout-flex\">\n<div class=\"wp-block-button\"><a class=\"wp-block-button__link wp-element-button\" href=\"https:\/\/somoscaldas.pt\/wp-content\/uploads\/2025\/10\/FolhetoPOPULO.pdf\" target=\"_blank\" rel=\"noreferrer noopener\">Folheto Nossa Sra. do P\u00f3pulo, Coto e S\u00e3o Greg\u00f3rio<\/a><\/div>\n<\/div>\n\n\n\n<p><\/p>\n","protected":false},"excerpt":{"rendered":"<p>Caras e Caros Amigos A nossa Freguesia precisa e vai ter uma nova energia. A minha experi\u00eancia como vereador na C\u00e2mara (2017-21) permitiu-me conhecer por dentro os desafios da nossa terra, desde a manuten\u00e7\u00e3o dos nossos espa\u00e7os verdes, a din\u00e2mica e desafios dos mercados, at\u00e9 ao apoio \u00e0 juventude e ao desporto. Agora, quero colocar&#8230;<\/p>\n","protected":false},"author":1,"featured_media":0,"parent":0,"menu_order":0,"comment_status":"closed","ping_status":"closed","template":"","meta":{"footnotes":""},"class_list":["post-34","page","type-page","status-publish","hentry"],"_links":{"self":[{"href":"https:\/\/somoscaldas.pt\/index.php\/wp-json\/wp\/v2\/pages\/34","targetHints":{"allow":["GET"]}}],"collection":[{"href":"https:\/\/somoscaldas.pt\/index.php\/wp-json\/wp\/v2\/pages"}],"about":[{"href":"https:\/\/somoscaldas.pt\/index.php\/wp-json\/wp\/v2\/types\/page"}],"author":[{"embeddable":true,"href":"https:\/\/somoscaldas.pt\/index.php\/wp-json\/wp\/v2\/users\/1"}],"replies":[{"embeddable":true,"href":"https:\/\/somoscaldas.pt\/index.php\/wp-json\/wp\/v2\/comments?post=34"}],"version-history":[{"count":4,"href":"https:\/\/somoscaldas.pt\/index.php\/wp-json\/wp\/v2\/pages\/34\/revisions"}],"predecessor-version":[{"id":371,"href":"https:\/\/somoscaldas.pt\/index.php\/wp-json\/wp\/v2\/pages\/34\/revisions\/371"}],"wp:attachment":[{"href":"https:\/\/somoscaldas.pt\/index.php\/wp-json\/wp\/v2\/media?parent=34"}],"curies":[{"name":"wp","href":"https:\/\/api.w.org\/{rel}","templated":true}]}}