{"id":30,"date":"2025-07-29T21:57:22","date_gmt":"2025-07-29T21:57:22","guid":{"rendered":"https:\/\/somoscaldas.pt\/?page_id=30"},"modified":"2025-10-01T23:00:16","modified_gmt":"2025-10-01T23:00:16","slug":"landal","status":"publish","type":"page","link":"https:\/\/somoscaldas.pt\/index.php\/landal\/","title":{"rendered":"Landal"},"content":{"rendered":"\n<main class=\"wp-block-group alignfull\" style=\"margin-top:0;margin-bottom:0;padding-top:var(--wp--preset--spacing--50);padding-bottom:var(--wp--preset--spacing--50)\"><div class=\"wp-block-group__inner-container is-layout-constrained wp-block-group-is-layout-constrained\">\n<div class=\"wp-block-columns alignwide is-layout-flex wp-container-core-columns-is-layout-30f78326 wp-block-columns-is-layout-flex\">\n<div class=\"wp-block-column is-layout-flow wp-block-column-is-layout-flow\" style=\"flex-basis:56%\">\n<figure class=\"wp-block-image size-full\"><img loading=\"lazy\" decoding=\"async\" width=\"656\" height=\"668\" src=\"https:\/\/somoscaldas.pt\/wp-content\/uploads\/2025\/09\/CR-CartaFreguesias-Landal-AF-02.jpg\" alt=\"\" class=\"wp-image-164\" style=\"aspect-ratio:1;object-fit:cover\" srcset=\"https:\/\/somoscaldas.pt\/wp-content\/uploads\/2025\/09\/CR-CartaFreguesias-Landal-AF-02.jpg 656w, https:\/\/somoscaldas.pt\/wp-content\/uploads\/2025\/09\/CR-CartaFreguesias-Landal-AF-02-295x300.jpg 295w, https:\/\/somoscaldas.pt\/wp-content\/uploads\/2025\/09\/CR-CartaFreguesias-Landal-AF-02-300x305.jpg 300w\" sizes=\"auto, (max-width: 656px) 100vw, 656px\" \/><\/figure>\n<\/div>\n\n\n\n<div class=\"wp-block-column is-vertically-aligned-center is-layout-flow wp-block-column-is-layout-flow\">\n<h2 class=\"wp-block-heading\">Caros Amigos e Amigas Landalenses<\/h2>\n\n\n\n<p>Aceitei com muito apre\u00e7o por todos os Landalenses e com sentido de perten\u00e7a e responsabilidade a convite da AD &#8211;<br>PSD\/CDS para ser novamente candidato a Presidente de Junta de Freguesia de Landal.<\/p>\n\n\n\n<p><br>Comecei com o compromisso nas aut\u00e1rquicas em 2017 com 3 palavras: <strong>Lealdade<\/strong>, <strong>Transpar\u00eancia<\/strong> e <strong>Empenho<\/strong>.<br><\/p>\n<\/div>\n<\/div>\n\n\n\n<p>Lealdade para com as pessoas garantindo uma pol\u00edtica de proximidade, transpar\u00eancia nos processos para estimular maior confian\u00e7a, empenho no trabalho nas causas e projetos.<\/p>\n\n\n\n<p>Quero deixar um agradecimento a todos aqueles que se disponibilizaram a trabalhar pela nossa freguesia, homens e mulheres com dedica\u00e7\u00e3o seriedade e compet\u00eancia em prol da nossa terra e das nossas gentes. Quero felicitar e deixar um agradecimento especial ao executivo e aos elementos da Assembleia de Freguesia, a todos apoiantes e simpatizantes da nossa equipa e aos Landalenses que depositaram em n\u00f3s a sua comanda.<\/p>\n\n\n\n<p><strong>UM MUITO OBRIGADO!<\/strong><\/p>\n\n\n\n<p>Recandidato-me para as pr\u00f3ximas elei\u00e7\u00f5es aut\u00e1rquicas de quatro anos, para conduzir os projeto que temos em mente, mas que n\u00e3o foi poss\u00edvel concretizar neste mandato e que tencionamos concluir. H\u00e1 muito trabalho para fazer num futuro pr\u00f3ximo.<\/p>\n\n\n\n<p>H\u00e1 muito para desenvolver. H\u00e1 muito para melhorar em prol da nossa popula\u00e7\u00e3o e proporcionar uma melhor qualidade de vida a todos os Landalenses. Queremos uma participa\u00e7\u00e3o conjunta na resolu\u00e7\u00e3o dos problemas.<\/p>\n\n\n\n<p>A proximidade das pessoas, o saber ouvir, saber compreender e tentar resolver ser\u00e1 o ponto certo da nossa candidatura, a fim de resolver problemas da nossa Freguesia e da nossa popula\u00e7\u00e3o.<br>Vamos dar m\u00e3os para vencer este grande desafio que s\u00e3o as aut\u00e1rquicas 2025 &#8211; 2029.<\/p>\n\n\n\n<p><strong>Contem connosco, porque n\u00f3s contamos consigo!<\/strong><\/p>\n\n\n\n<figure class=\"wp-block-image size-full\"><img loading=\"lazy\" decoding=\"async\" width=\"910\" height=\"609\" src=\"https:\/\/somoscaldas.pt\/wp-content\/uploads\/2025\/09\/CR-CartaFreguesias-Landal-AF-01.jpg\" alt=\"\" class=\"wp-image-165\" srcset=\"https:\/\/somoscaldas.pt\/wp-content\/uploads\/2025\/09\/CR-CartaFreguesias-Landal-AF-01.jpg 910w, https:\/\/somoscaldas.pt\/wp-content\/uploads\/2025\/09\/CR-CartaFreguesias-Landal-AF-01-300x201.jpg 300w, https:\/\/somoscaldas.pt\/wp-content\/uploads\/2025\/09\/CR-CartaFreguesias-Landal-AF-01-768x514.jpg 768w, https:\/\/somoscaldas.pt\/wp-content\/uploads\/2025\/09\/CR-CartaFreguesias-Landal-AF-01-850x569.jpg 850w\" sizes=\"auto, (max-width: 910px) 100vw, 910px\" \/><\/figure>\n<\/div><\/main>\n\n\n\n<h2 class=\"wp-block-heading\">Landal MERECE MAIS.<\/h2>\n\n\n\n<p><strong>Programa Eleitoral para a Freguesia de Landal<\/strong><\/p>\n\n\n\n<p><strong>Educa\u00e7\u00e3o<\/strong><\/p>\n\n\n\n<ul class=\"wp-block-list\">\n<li>Apoio aos alunos carenciados;<\/li>\n\n\n\n<li>Dar continuidade ao OTL e prolongamento escolar;<\/li>\n\n\n\n<li>Apoio \u00e0s atividades curriculares e extracurriculares da escola;<\/li>\n\n\n\n<li>Promover o envolvimento da comunidade escolar, professores, pais e alunos;<\/li>\n\n\n\n<li>Apoio nas visitas de estudo dos nossos alunos;<\/li>\n\n\n\n<li>Criar condi\u00e7\u00f5es no estabelecimento de ensino para que os alunos se sintam confort\u00e1veis e contribuir para um melhor aproveitamento escolar;<\/li>\n\n\n\n<li>Manuten\u00e7\u00e3o e melhoramento dos Parques Infantis e todo o equipamento do estabelecimento de ensino;<\/li>\n\n\n\n<li>Constru\u00e7\u00e3o de uma creche na Freguesia;<\/li>\n\n\n\n<li>Prolongamento no Jardim de Inf\u00e2ncia;<\/li>\n<\/ul>\n\n\n\n<p><strong>Sa\u00fade<\/strong><\/p>\n\n\n\n<ul class=\"wp-block-list\">\n<li>Manter em atividade a Unidade de Sa\u00fade de Rostos \u2014 Landal;<\/li>\n\n\n\n<li>Estabelecer contactos com as entidades competentes para a perman\u00eancia de m\u00e9dico na Unidade de Sa\u00fade;<\/li>\n\n\n\n<li>Reabrir o laborat\u00f3rio de an\u00e1lises no Centro de Sa\u00fade;<\/li>\n\n\n\n<li>Criar melhores condi\u00e7\u00f5es aos utentes para que se sintam mais confort\u00e1veis nas consultas e no per\u00edodo de espera para o atendimento;<\/li>\n\n\n\n<li>A sa\u00fade, a grande prioridade, o bem mais precioso de todos n\u00f3s;<\/li>\n<\/ul>\n\n\n\n<p><strong>Social<\/strong><\/p>\n\n\n\n<ul class=\"wp-block-list\">\n<li>Constru\u00e7\u00e3o de 6 habita\u00e7\u00f5es jovens na Freguesia;<\/li>\n\n\n\n<li>Apoio alimentar \u00e0s fam\u00edlias mais vulner\u00e1veis da Freguesia;<\/li>\n\n\n\n<li>Criar gabinete de apoio social com uma assistente social e uma psic\u00f3loga, a fim de dar respostas \u00e0 popula\u00e7\u00e3o;<\/li>\n\n\n\n<li>Apoio de inser\u00e7\u00e3o aos desempregados e necessitados da Freguesia;<\/li>\n\n\n\n<li>Colabora\u00e7\u00e3o com as entidades religiosas;<\/li>\n\n\n\n<li>Restaurar habita\u00e7\u00f5es devolutas, para fixa\u00e7\u00e3o de jovens na nossa Freguesia;<\/li>\n\n\n\n<li>Manter o j\u00e1 tradicional passeio da terceira idade da Freguesia de Landal;<\/li>\n\n\n\n<li>Viagens tem\u00e1ticas e culturais frequentes;<\/li>\n\n\n\n<li>Criar o passeio \u201cAtivo\u201d com os jovens da Freguesia;<\/li>\n\n\n\n<li>Manter e promover a campanha da Cal \u2014 \u201cLandal Freguesia Limpa\u201d;<\/li>\n\n\n\n<li>Incentivo \u00e0 natalidade \u201cCheque Beb\u00e9\u201c, 200\u20ac por cada nascimento na Freguesia de Landal;<\/li>\n\n\n\n<li>Continua\u00e7\u00e3o com a Academia S\u00e9nior promovendo as atividades das artes, l\u00fadicas e f\u00edsicas;<\/li>\n<\/ul>\n\n\n\n<p><strong>Econ\u00f3mico<\/strong><\/p>\n\n\n\n<ul class=\"wp-block-list\">\n<li>Apoio aos fruticultores da Freguesia;<\/li>\n\n\n\n<li>Desenvolver o Festival da Codorniz, envolvendo entidades privadas para fortalecer o certame e dar-lhe nova din\u00e2mica;<\/li>\n\n\n\n<li>Estabelecer parcerias com agentes econ\u00f3micos de diferentes \u00e1reas, no sentido de promover e escoar os produtos produzidos na Freguesia;<\/li>\n\n\n\n<li>Apoio para uma melhor divulga\u00e7\u00e3o ao fabrico do p\u00e3o-de-l\u00f3 da Freguesia de Landal;<\/li>\n\n\n\n<li>Posto de carregamento de viaturas el\u00e9tricas na Freguesia;<\/li>\n<\/ul>\n\n\n\n<p><strong>Turismo<\/strong><\/p>\n\n\n\n<ul class=\"wp-block-list\">\n<li>Criar um roteiro tur\u00edstico, com os pontos mais emblem\u00e1ticos da Freguesia.<\/li>\n<\/ul>\n\n\n\n<div class=\"wp-block-buttons is-layout-flex wp-block-buttons-is-layout-flex\">\n<div class=\"wp-block-button\"><a class=\"wp-block-button__link wp-element-button\" href=\"https:\/\/somoscaldas.pt\/wp-content\/uploads\/2025\/10\/Folheto-Landal.pdf\" target=\"_blank\" rel=\"noreferrer noopener\">Folheto Landal<\/a><\/div>\n<\/div>\n\n\n\n<p><\/p>\n","protected":false},"excerpt":{"rendered":"<p>Caros Amigos e Amigas Landalenses Aceitei com muito apre\u00e7o por todos os Landalenses e com sentido de perten\u00e7a e responsabilidade a convite da AD &#8211;PSD\/CDS para ser novamente candidato a Presidente de Junta de Freguesia de Landal. Comecei com o compromisso nas aut\u00e1rquicas em 2017 com 3 palavras: Lealdade, Transpar\u00eancia e Empenho. Lealdade para com&#8230;<\/p>\n","protected":false},"author":1,"featured_media":0,"parent":0,"menu_order":0,"comment_status":"closed","ping_status":"closed","template":"","meta":{"footnotes":""},"class_list":["post-30","page","type-page","status-publish","hentry"],"_links":{"self":[{"href":"https:\/\/somoscaldas.pt\/index.php\/wp-json\/wp\/v2\/pages\/30","targetHints":{"allow":["GET"]}}],"collection":[{"href":"https:\/\/somoscaldas.pt\/index.php\/wp-json\/wp\/v2\/pages"}],"about":[{"href":"https:\/\/somoscaldas.pt\/index.php\/wp-json\/wp\/v2\/types\/page"}],"author":[{"embeddable":true,"href":"https:\/\/somoscaldas.pt\/index.php\/wp-json\/wp\/v2\/users\/1"}],"replies":[{"embeddable":true,"href":"https:\/\/somoscaldas.pt\/index.php\/wp-json\/wp\/v2\/comments?post=30"}],"version-history":[{"count":9,"href":"https:\/\/somoscaldas.pt\/index.php\/wp-json\/wp\/v2\/pages\/30\/revisions"}],"predecessor-version":[{"id":367,"href":"https:\/\/somoscaldas.pt\/index.php\/wp-json\/wp\/v2\/pages\/30\/revisions\/367"}],"wp:attachment":[{"href":"https:\/\/somoscaldas.pt\/index.php\/wp-json\/wp\/v2\/media?parent=30"}],"curies":[{"name":"wp","href":"https:\/\/api.w.org\/{rel}","templated":true}]}}