{"id":25,"date":"2025-07-29T21:56:05","date_gmt":"2025-07-29T21:56:05","guid":{"rendered":"https:\/\/somoscaldas.pt\/?page_id=25"},"modified":"2025-10-01T22:58:56","modified_gmt":"2025-10-01T22:58:56","slug":"carvalhal-benfeito","status":"publish","type":"page","link":"https:\/\/somoscaldas.pt\/index.php\/carvalhal-benfeito\/","title":{"rendered":"Foz do Arelho"},"content":{"rendered":"\n<main class=\"wp-block-group alignfull\" style=\"margin-top:0;margin-bottom:0;padding-top:var(--wp--preset--spacing--50);padding-bottom:var(--wp--preset--spacing--50)\"><div class=\"wp-block-group__inner-container is-layout-constrained wp-block-group-is-layout-constrained\">\n<div class=\"wp-block-columns alignwide is-layout-flex wp-container-core-columns-is-layout-30f78326 wp-block-columns-is-layout-flex\">\n<div class=\"wp-block-column is-layout-flow wp-block-column-is-layout-flow\" style=\"flex-basis:56%\">\n<figure class=\"wp-block-image size-full is-resized\"><img loading=\"lazy\" decoding=\"async\" width=\"673\" height=\"647\" src=\"https:\/\/somoscaldas.pt\/wp-content\/uploads\/2025\/09\/foz-arelho.png\" alt=\"\" class=\"wp-image-156\" style=\"aspect-ratio:1;object-fit:cover;width:465px;height:auto\" srcset=\"https:\/\/somoscaldas.pt\/wp-content\/uploads\/2025\/09\/foz-arelho.png 673w, https:\/\/somoscaldas.pt\/wp-content\/uploads\/2025\/09\/foz-arelho-300x288.png 300w\" sizes=\"auto, (max-width: 673px) 100vw, 673px\" \/><\/figure>\n<\/div>\n\n\n\n<div class=\"wp-block-column is-vertically-aligned-center is-layout-flow wp-block-column-is-layout-flow\">\n<h2 class=\"wp-block-heading\">Caras e Caros Amigos<\/h2>\n\n\n\n<p>Sou filho desta terra. Trago comigo as mem\u00f3rias de cada rua e de cada rosto dos que aqui cresceram comigo e daqueles que me viram crescer. Hoje, tenho a sorte de ter a oportunidade e a disponibilidade para me dedicar \u00e0 nossa freguesia. <\/p>\n\n\n\n<p>Quero ser a voz e a for\u00e7a que une, que ouve e que trabalha com e para todos, sempre com o cora\u00e7\u00e3o na nossa vila, ao lado de quem c\u00e1 vive e sente esta terra como sua. <\/p>\n\n\n\n<p><\/p>\n<\/div>\n<\/div>\n\n\n\n<p><strong>A nossa vis\u00e3o estrat\u00e9gica assenta em tr\u00eas pilares:<\/strong><\/p>\n\n\n\n<p>O primeiro \u00e9 a <strong>Transforma\u00e7\u00e3o Territorial e Institucional<\/strong>, com uma gest\u00e3o s\u00e9ria e transparente, num permanente compromisso com o bem comum. O segundo \u00e9 a <strong>Revitaliza\u00e7\u00e3o Social e Demogr\u00e1fica<\/strong>, criando condi\u00e7\u00f5es para que as fam\u00edlias, incluindo as das comunidades estrangeiras, possam aqui viver e desfrutar deste nosso lar. Por fim, apostamos na <strong>Identidade Fozense<\/strong> como motor da economia, valorizando o com\u00e9rcio local, o artesanato e as tradi\u00e7\u00f5es.<\/p>\n\n\n\n<p>Chegou o momento de, com rigor e clareza, valores que nem sempre marcaram o passado, construirmos o futuro que a nossa terra merece.<\/p>\n\n\n\n<figure class=\"wp-block-image size-full\"><img loading=\"lazy\" decoding=\"async\" width=\"910\" height=\"611\" src=\"https:\/\/somoscaldas.pt\/wp-content\/uploads\/2025\/09\/Foz-do-Arelho.jpg\" alt=\"\" class=\"wp-image-157\" srcset=\"https:\/\/somoscaldas.pt\/wp-content\/uploads\/2025\/09\/Foz-do-Arelho.jpg 910w, https:\/\/somoscaldas.pt\/wp-content\/uploads\/2025\/09\/Foz-do-Arelho-300x201.jpg 300w, https:\/\/somoscaldas.pt\/wp-content\/uploads\/2025\/09\/Foz-do-Arelho-768x516.jpg 768w, https:\/\/somoscaldas.pt\/wp-content\/uploads\/2025\/09\/Foz-do-Arelho-850x571.jpg 850w\" sizes=\"auto, (max-width: 910px) 100vw, 910px\" \/><\/figure>\n<\/div><\/main>\n\n\n\n<h2 class=\"wp-block-heading\">A FOZ DO ARELHO QUE MERECEMOS.<\/h2>\n\n\n\n<p>\u00bb <strong><a href=\"https:\/\/www.notion.so\/AD-FOZ-DO-ARELHO-256105a718a98055a511c6a0c290cb36\" target=\"_blank\" rel=\"noreferrer noopener\">Programa Eleitoral para a Freguesia da FOZ DO ARELHO<\/a><\/strong><\/p>\n\n\n\n<div class=\"wp-block-buttons is-layout-flex wp-block-buttons-is-layout-flex\">\n<div class=\"wp-block-button\"><a class=\"wp-block-button__link wp-element-button\" href=\"https:\/\/somoscaldas.pt\/wp-content\/uploads\/2025\/10\/Foz-do-Arelho-Folheto.pdf\" target=\"_blank\" rel=\"noreferrer noopener\">Folheto Foz do Arelho<\/a><\/div>\n<\/div>\n\n\n\n<p><\/p>\n","protected":false},"excerpt":{"rendered":"<p>Caras e Caros Amigos Sou filho desta terra. Trago comigo as mem\u00f3rias de cada rua e de cada rosto dos que aqui cresceram comigo e daqueles que me viram crescer. Hoje, tenho a sorte de ter a oportunidade e a disponibilidade para me dedicar \u00e0 nossa freguesia. Quero ser a voz e a for\u00e7a que&#8230;<\/p>\n","protected":false},"author":1,"featured_media":0,"parent":0,"menu_order":0,"comment_status":"closed","ping_status":"closed","template":"","meta":{"footnotes":""},"class_list":["post-25","page","type-page","status-publish","hentry"],"_links":{"self":[{"href":"https:\/\/somoscaldas.pt\/index.php\/wp-json\/wp\/v2\/pages\/25","targetHints":{"allow":["GET"]}}],"collection":[{"href":"https:\/\/somoscaldas.pt\/index.php\/wp-json\/wp\/v2\/pages"}],"about":[{"href":"https:\/\/somoscaldas.pt\/index.php\/wp-json\/wp\/v2\/types\/page"}],"author":[{"embeddable":true,"href":"https:\/\/somoscaldas.pt\/index.php\/wp-json\/wp\/v2\/users\/1"}],"replies":[{"embeddable":true,"href":"https:\/\/somoscaldas.pt\/index.php\/wp-json\/wp\/v2\/comments?post=25"}],"version-history":[{"count":8,"href":"https:\/\/somoscaldas.pt\/index.php\/wp-json\/wp\/v2\/pages\/25\/revisions"}],"predecessor-version":[{"id":366,"href":"https:\/\/somoscaldas.pt\/index.php\/wp-json\/wp\/v2\/pages\/25\/revisions\/366"}],"wp:attachment":[{"href":"https:\/\/somoscaldas.pt\/index.php\/wp-json\/wp\/v2\/media?parent=25"}],"curies":[{"name":"wp","href":"https:\/\/api.w.org\/{rel}","templated":true}]}}