{"id":21,"date":"2025-07-29T21:55:31","date_gmt":"2025-07-29T21:55:31","guid":{"rendered":"https:\/\/somoscaldas.pt\/?page_id=21"},"modified":"2025-10-01T20:34:37","modified_gmt":"2025-10-01T20:34:37","slug":"a-dos-francos","status":"publish","type":"page","link":"https:\/\/somoscaldas.pt\/index.php\/a-dos-francos\/","title":{"rendered":"A-dos-Francos"},"content":{"rendered":"\n<main class=\"wp-block-group alignfull\" style=\"margin-top:0;margin-bottom:0;padding-top:var(--wp--preset--spacing--50);padding-bottom:var(--wp--preset--spacing--50)\"><div class=\"wp-block-group__inner-container is-layout-constrained wp-block-group-is-layout-constrained\">\n<div class=\"wp-block-columns alignwide is-layout-flex wp-container-core-columns-is-layout-30f78326 wp-block-columns-is-layout-flex\">\n<div class=\"wp-block-column is-layout-flow wp-block-column-is-layout-flow\" style=\"flex-basis:56%\">\n<figure class=\"wp-block-image size-full is-resized\"><img loading=\"lazy\" decoding=\"async\" width=\"658\" height=\"686\" src=\"https:\/\/somoscaldas.pt\/wp-content\/uploads\/2025\/10\/paulo_sousa-01.png\" alt=\"\" class=\"wp-image-210\" style=\"aspect-ratio:1;object-fit:cover;width:460px;height:auto\" srcset=\"https:\/\/somoscaldas.pt\/wp-content\/uploads\/2025\/10\/paulo_sousa-01.png 658w, https:\/\/somoscaldas.pt\/wp-content\/uploads\/2025\/10\/paulo_sousa-01-288x300.png 288w, https:\/\/somoscaldas.pt\/wp-content\/uploads\/2025\/10\/paulo_sousa-01-300x313.png 300w\" sizes=\"auto, (max-width: 658px) 100vw, 658px\" \/><\/figure>\n<\/div>\n\n\n\n<div class=\"wp-block-column is-vertically-aligned-center is-layout-flow wp-block-column-is-layout-flow\">\n<h2 class=\"wp-block-heading\">Caras e Caros Amigos<\/h2>\n\n\n\n<p>Nos \u00faltimos 8 anos tive o gosto de liderar os destinos da Freguesia. Em conjunto com a minha equipa, apost\u00e1mos numa pol\u00edtica de proximidade, de responsabilidade, ouvindo as pessoas e sentindo a nossa terra. Essa estrat\u00e9gia permitiu que a Freguesia crescesse e reunisse condi\u00e7\u00f5es de excel\u00eancia para quem c\u00e1 vive ou nos visita.<\/p>\n\n\n\n<p><\/p>\n<\/div>\n<\/div>\n\n\n\n<p>Procur\u00e1mos cuidar e valorizar o nosso patrim\u00f3nio, apoiar as coletividades, zelar pela limpeza do territ\u00f3rio e apostar numa vis\u00e3o estrat\u00e9gica que assegurasse obras diferenciadoras e fundamentais para o bem-estar da popula\u00e7\u00e3o.<\/p>\n\n\n\n<p>Por tudo isto, e porque temos um conjunto de ideias que consideramos de vital import\u00e2ncia para a nossa terra somos novamente candidatos. Estou certo de que iremos contar com o apoio de todos. <\/p>\n\n\n\n<figure class=\"wp-block-image size-large\"><img loading=\"lazy\" decoding=\"async\" width=\"1024\" height=\"661\" src=\"https:\/\/somoscaldas.pt\/wp-content\/uploads\/2025\/09\/hugo_oliveira-a-dos-francos-1-1024x661.png\" alt=\"\" class=\"wp-image-111\" srcset=\"https:\/\/somoscaldas.pt\/wp-content\/uploads\/2025\/09\/hugo_oliveira-a-dos-francos-1-1024x661.png 1024w, https:\/\/somoscaldas.pt\/wp-content\/uploads\/2025\/09\/hugo_oliveira-a-dos-francos-1-300x194.png 300w, https:\/\/somoscaldas.pt\/wp-content\/uploads\/2025\/09\/hugo_oliveira-a-dos-francos-1-768x496.png 768w, https:\/\/somoscaldas.pt\/wp-content\/uploads\/2025\/09\/hugo_oliveira-a-dos-francos-1-850x549.png 850w, https:\/\/somoscaldas.pt\/wp-content\/uploads\/2025\/09\/hugo_oliveira-a-dos-francos-1.png 1033w\" sizes=\"auto, (max-width: 1024px) 100vw, 1024px\" \/><\/figure>\n<\/div><\/main>\n\n\n\n<h2 class=\"wp-block-heading\">A-dos-Francos MERECE MAIS.<\/h2>\n\n\n\n<p><strong>Programa Eleitoral para a Freguesia de A-dos-Francos<\/strong><\/p>\n\n\n\n<p>Desenvolvimento do Projeto do Parque Empresarial\/Zona Industrial de A-dos-Francos<br>ap\u00f3s sa\u00edda do PDM.<\/p>\n\n\n\n<ul class=\"wp-block-list\">\n<li>Continua\u00e7\u00e3o do desenvolvimento do Parque Workout de A-dos-Francos.<\/li>\n\n\n\n<li>Alargamento do espa\u00e7o de recreio da escola e constru\u00e7\u00e3o de campo de jogos no terreno adquirido ao lado do Centro Escolar de A-dos-Francos.<\/li>\n\n\n\n<li>Desenvolvimento de projeto para terreno adquirido junto ao Parque de Eventos Justino Sobreiro, tornando-o numa zona de refer\u00eancia da Freguesia.<\/li>\n\n\n\n<li>Constru\u00e7\u00e3o de mural alusivo \u00e0 hist\u00f3ria da Freguesia.<\/li>\n\n\n\n<li>Constru\u00e7\u00e3o de passeio\/valeta na entrada a Rua Principal do Casal Pinheiro.<\/li>\n\n\n\n<li>Constru\u00e7\u00e3o de valeta em cimento na Rua 1 de Janeiro, em Casais de Santa Helena.<\/li>\n\n\n\n<li>Constru\u00e7\u00e3o de zona de lazer na Rua Mata da Farinha (junto \u00e0 Fonte Branca), em Casais de Santa Helena.<\/li>\n\n\n\n<li>Desenvolvimento de projeto para constru\u00e7\u00e3o de passeio na Rua Principal, em Casais de Santa Helena.<\/li>\n\n\n\n<li>Constru\u00e7\u00e3o de Creche e ATL nas instala\u00e7\u00f5es da antiga Escola dos Carreiros, com base no projeto j\u00e1 conclu\u00eddo.<\/li>\n\n\n\n<li>Continua\u00e7\u00e3o do desenvolvimento\/melhoramentos da zona adjacente ao Baldio das Broeiras.<\/li>\n\n\n\n<li>Constru\u00e7\u00e3o de valetas em cimento na estrada das Cheiras.<\/li>\n\n\n\n<li>Constru\u00e7\u00e3o de passeio em Santa Suzana na EN361.<\/li>\n\n\n\n<li>Requalifica\u00e7\u00e3o do largo entre a Rua Jo\u00e3o Deus e a Estrada das Cheiras.<\/li>\n\n\n\n<li>Continua\u00e7\u00e3o do Boletim de divulga\u00e7\u00e3o das atividades da Freguesia.<\/li>\n\n\n\n<li>Cria\u00e7\u00e3o de roteiro tur\u00edstico com pontos de interesse da Freguesia, em locais de refer\u00eancia para os visitantes.<\/li>\n\n\n\n<li>Aquisi\u00e7\u00e3o de nova carrinha com b\u00e1scula para trabalhos de exterior.<\/li>\n\n\n\n<li>Apoio \u00e0s coletividades da Freguesia.<\/li>\n\n\n\n<li>Continua\u00e7\u00e3o do apoio \u00e0 organiza\u00e7\u00e3o das Tasquinhas de A-dos-Francos, tornando-o um evento de refer\u00eancia.<\/li>\n\n\n\n<li>Realiza\u00e7\u00e3o\/marca\u00e7\u00e3o de caminhos pedestres (trilhos) na Freguesia.<\/li>\n\n\n\n<li>Apoio aos idosos e organiza\u00e7\u00e3o do habitual passeio\/conv\u00edvio anual.<\/li>\n\n\n\n<li>Apoio \u00e0s atividades\/iniciativas dos jovens da Freguesia.<\/li>\n\n\n\n<li>Dar continuidade a todas as iniciativas e tradi\u00e7\u00f5es a cargo da Junta de Freguesia.<\/li>\n\n\n\n<li>Implementa\u00e7\u00e3o \/Desenvolvimento do Projeto j\u00e1 desenvolvido pela Junta de Freguesia, no \u00e2mbito da Habita\u00e7\u00e3o Jovem, e criar novo projeto, com lotes de terreno a pre\u00e7os acess\u00edveis para os jovens da terra.<\/li>\n\n\n\n<li>Alargamento do Cemit\u00e9rio.<\/li>\n\n\n\n<li>Continuar a trabalhar para promover as boas pr\u00e1ticas ambientais, criar o dia Eco A-dos-Francos, mantendo o Galard\u00e3o de Eco Freguesia.<\/li>\n\n\n\n<li>Manter a realiza\u00e7\u00e3o do Pr\u00e9mio Jo\u00e3o Almeida, enquanto evento de refer\u00eancia no panorama do ciclismo nacional.<\/li>\n\n\n\n<li>Continuar a lutar junto da C\u00e2mara Municipal pela repavimenta\u00e7\u00e3o das nossas estradas municipais (Ruas Jos\u00e9 Adelino dos Santos; Beco dos Capit\u00e3es; Travessa Jos\u00e9 Francisco Casaleiro, Rua dos Arneiros, Rua Vale Casal, Rua Ant\u00f3nio Filipe Madeira, Estrada dos Brit\u00f5es, Rua do Cabe\u00e7o, Rua dos<br>Almeidas, estrada que liga a Aramenha a A-dos-Francos, entre outras).<\/li>\n\n\n\n<li>Continuar a requalificar, zelar e conservar o nosso patrim\u00f3nio.<\/li>\n\n\n\n<li>Manuten\u00e7\u00e3o do nosso Projeto +Sa\u00fade, com caminhadas, aulas de fitness e outras iniciativas gratuitas para a popula\u00e7\u00e3o.<\/li>\n\n\n\n<li>Interceder junto do Munic\u00edpio para cria\u00e7\u00e3o de regulamento que permita a cria\u00e7\u00e3o de posto de carregamentos de carros el\u00e9ctricos na Freguesia.<\/li>\n<\/ul>\n\n\n\n<div class=\"wp-block-buttons is-layout-flex wp-block-buttons-is-layout-flex\">\n<div class=\"wp-block-button\"><a class=\"wp-block-button__link wp-element-button\" href=\"https:\/\/somoscaldas.pt\/wp-content\/uploads\/2025\/10\/Folheto_FRANCOS.pdf\" target=\"_blank\" rel=\"noreferrer noopener\">Folheto A-dos-Francos<\/a><\/div>\n<\/div>\n\n\n\n<p><\/p>\n","protected":false},"excerpt":{"rendered":"<p>Caras e Caros Amigos Nos \u00faltimos 8 anos tive o gosto de liderar os destinos da Freguesia. Em conjunto com a minha equipa, apost\u00e1mos numa pol\u00edtica de proximidade, de responsabilidade, ouvindo as pessoas e sentindo a nossa terra. Essa estrat\u00e9gia permitiu que a Freguesia crescesse e reunisse condi\u00e7\u00f5es de excel\u00eancia para quem c\u00e1 vive ou&#8230;<\/p>\n","protected":false},"author":1,"featured_media":0,"parent":0,"menu_order":0,"comment_status":"closed","ping_status":"closed","template":"","meta":{"footnotes":""},"class_list":["post-21","page","type-page","status-publish","hentry"],"_links":{"self":[{"href":"https:\/\/somoscaldas.pt\/index.php\/wp-json\/wp\/v2\/pages\/21","targetHints":{"allow":["GET"]}}],"collection":[{"href":"https:\/\/somoscaldas.pt\/index.php\/wp-json\/wp\/v2\/pages"}],"about":[{"href":"https:\/\/somoscaldas.pt\/index.php\/wp-json\/wp\/v2\/types\/page"}],"author":[{"embeddable":true,"href":"https:\/\/somoscaldas.pt\/index.php\/wp-json\/wp\/v2\/users\/1"}],"replies":[{"embeddable":true,"href":"https:\/\/somoscaldas.pt\/index.php\/wp-json\/wp\/v2\/comments?post=21"}],"version-history":[{"count":13,"href":"https:\/\/somoscaldas.pt\/index.php\/wp-json\/wp\/v2\/pages\/21\/revisions"}],"predecessor-version":[{"id":265,"href":"https:\/\/somoscaldas.pt\/index.php\/wp-json\/wp\/v2\/pages\/21\/revisions\/265"}],"wp:attachment":[{"href":"https:\/\/somoscaldas.pt\/index.php\/wp-json\/wp\/v2\/media?parent=21"}],"curies":[{"name":"wp","href":"https:\/\/api.w.org\/{rel}","templated":true}]}}