{"id":2,"date":"2025-07-29T18:50:28","date_gmt":"2025-07-29T18:50:28","guid":{"rendered":"https:\/\/somoscaldas.pt\/?page_id=2"},"modified":"2025-10-01T22:32:39","modified_gmt":"2025-10-01T22:32:39","slug":"home","status":"publish","type":"page","link":"https:\/\/somoscaldas.pt\/","title":{"rendered":"Somos Caldas"},"content":{"rendered":"\n<p>Na conflu\u00eancia entre os conceitos de ser e pertencer, encontr\u00e1mos o mote que nos uniu na vontade de participar na constru\u00e7\u00e3o de um futuro melhor para o nosso concelho.<\/p>\n\n\n\n<p>E \u00e9 neste \u201c<strong>somos<\/strong>\u201d que assenta todo o processo que conduziu \u00e0 elabora\u00e7\u00e3o deste programa. Um somos um todo no plural e com diversidade, que re\u00fane pessoas de diferentes origens pol\u00edticas, profissionais, sociais, culturais e geracionais, unidas pelo compromisso de servir a comunidade.<\/p>\n\n\n\n<p>O documento agora apresentado, nasce de um exerc\u00edcio participado de escuta e partilha. Somos comunidade quando acolhemos a voz dos cidad\u00e3os, das associa\u00e7\u00f5es, das freguesias, das institui\u00e7\u00f5es, das escolas, das empresas, dos agentes culturais e desportivos. E foi nessa ausculta\u00e7\u00e3o da comunidade caldense que nos foi permitido recolher preocupa\u00e7\u00f5es, necessidades e aspira\u00e7\u00f5es, transformando-as em propostas consistentes e orientadas para a realidade do territ\u00f3rio.<\/p>\n\n\n\n<p>\u00c0 escuta sucedeu-se a reda\u00e7\u00e3o. Somos compet\u00eancia e perten\u00e7a atrav\u00e9s de uma equipa que, ela pr\u00f3pria, reflete a comunidade caldense: pessoas com provas dadas nas suas \u00e1reas de atua\u00e7\u00e3o, com liga\u00e7\u00e3o profunda ao concelho e com conhecimento efetivo da sua identidade e potencial. Foi desta diversidade de olhares que nasceu um documento s\u00f3lido, realista e comprometido com o futuro.<\/p>\n\n\n\n<p>E hoje, somos candidatura. Uma equipa renovada e multidisciplinar, composta por cidad\u00e3os de diferentes percursos profissionais e sensibilidades ideol\u00f3gicas, muitos deles independentes, todos unidos pelo prop\u00f3sito de construir mais e melhor para as Caldas da Rainha. Somos energia e renova\u00e7\u00e3o, conjugando a for\u00e7a da juventude com a experi\u00eancia de gera\u00e7\u00f5es que, em conjunto, se disponibilizam para servir a cidade e o concelho.<\/p>\n\n\n\n<p>O presente programa apresenta ideias claras, exequ\u00edveis e assumidamente mensur\u00e1veis, cuja execu\u00e7\u00e3o ser\u00e1 objeto de avalia\u00e7\u00e3o cont\u00ednua ao longo dos pr\u00f3ximos quatro anos. Acima de tudo, somos responsabilidade e compromisso, oferecendo \u00e0 popula\u00e7\u00e3o um plano direto, orientado para a resolu\u00e7\u00e3o de problemas concretos, mais do que um exerc\u00edcio meramente te\u00f3rico.<\/p>\n\n\n\n<p>Este \u00e9, pois, um ponto de partida para um des\u00edgnio maior, que se prolonga no tempo e que se afirma como base de uma vis\u00e3o de futuro. Porque somos ambi\u00e7\u00e3o e projeto coletivo, certos de que apenas juntos poderemos construir uma cidade mais coesa, inovadora, sustent\u00e1vel e humana.<\/p>\n\n\n\n<p>Com este esp\u00edrito afirmamos, com convic\u00e7\u00e3o: <strong>SOMOS CALDAS<\/strong>.<\/p>\n","protected":false},"excerpt":{"rendered":"<p>Na conflu\u00eancia entre os conceitos de ser e pertencer, encontr\u00e1mos o mote que nos uniu na vontade de participar na constru\u00e7\u00e3o de um futuro melhor para o nosso concelho. E \u00e9 neste \u201csomos\u201d que assenta todo o processo que conduziu \u00e0 elabora\u00e7\u00e3o deste programa. Um somos um todo no plural e com diversidade, que re\u00fane&#8230;<\/p>\n","protected":false},"author":1,"featured_media":0,"parent":0,"menu_order":0,"comment_status":"closed","ping_status":"closed","template":"","meta":{"footnotes":""},"class_list":["post-2","page","type-page","status-publish","hentry"],"_links":{"self":[{"href":"https:\/\/somoscaldas.pt\/index.php\/wp-json\/wp\/v2\/pages\/2","targetHints":{"allow":["GET"]}}],"collection":[{"href":"https:\/\/somoscaldas.pt\/index.php\/wp-json\/wp\/v2\/pages"}],"about":[{"href":"https:\/\/somoscaldas.pt\/index.php\/wp-json\/wp\/v2\/types\/page"}],"author":[{"embeddable":true,"href":"https:\/\/somoscaldas.pt\/index.php\/wp-json\/wp\/v2\/users\/1"}],"replies":[{"embeddable":true,"href":"https:\/\/somoscaldas.pt\/index.php\/wp-json\/wp\/v2\/comments?post=2"}],"version-history":[{"count":6,"href":"https:\/\/somoscaldas.pt\/index.php\/wp-json\/wp\/v2\/pages\/2\/revisions"}],"predecessor-version":[{"id":319,"href":"https:\/\/somoscaldas.pt\/index.php\/wp-json\/wp\/v2\/pages\/2\/revisions\/319"}],"wp:attachment":[{"href":"https:\/\/somoscaldas.pt\/index.php\/wp-json\/wp\/v2\/media?parent=2"}],"curies":[{"name":"wp","href":"https:\/\/api.w.org\/{rel}","templated":true}]}}