{"id":18,"date":"2025-07-29T21:54:37","date_gmt":"2025-07-29T21:54:37","guid":{"rendered":"https:\/\/somoscaldas.pt\/?page_id=18"},"modified":"2025-10-01T22:52:34","modified_gmt":"2025-10-01T22:52:34","slug":"freguesias","status":"publish","type":"page","link":"https:\/\/somoscaldas.pt\/index.php\/freguesias\/","title":{"rendered":"Freguesias"},"content":{"rendered":"\n<figure class=\"wp-block-image size-large\"><img loading=\"lazy\" decoding=\"async\" width=\"1024\" height=\"531\" src=\"https:\/\/somoscaldas.pt\/wp-content\/uploads\/2025\/10\/freguesias-1024x531.jpg\" alt=\"\" class=\"wp-image-357\" srcset=\"https:\/\/somoscaldas.pt\/wp-content\/uploads\/2025\/10\/freguesias-1024x531.jpg 1024w, https:\/\/somoscaldas.pt\/wp-content\/uploads\/2025\/10\/freguesias-300x155.jpg 300w, https:\/\/somoscaldas.pt\/wp-content\/uploads\/2025\/10\/freguesias-768x398.jpg 768w, https:\/\/somoscaldas.pt\/wp-content\/uploads\/2025\/10\/freguesias-850x440.jpg 850w, https:\/\/somoscaldas.pt\/wp-content\/uploads\/2025\/10\/freguesias.jpg 1125w\" sizes=\"auto, (max-width: 1024px) 100vw, 1024px\" \/><\/figure>\n\n\n\n<div class=\"wp-block-group alignfull\" style=\"margin-top:0;margin-bottom:0;padding-top:var(--wp--preset--spacing--60);padding-bottom:var(--wp--preset--spacing--60)\"><div class=\"wp-block-group__inner-container is-layout-constrained wp-container-core-group-is-layout-bb6c8cb2 wp-block-group-is-layout-constrained\">\n<div class=\"wp-block-buttons alignwide has-custom-font-size has-medium-font-size is-content-justification-center is-layout-flex wp-container-core-buttons-is-layout-5590e8cb wp-block-buttons-is-layout-flex\">\n<div class=\"wp-block-button\"><a class=\"wp-block-button__link wp-element-button\" href=\"\/index.php\/a-dos-francos\/\">A-dos-Francos<\/a><\/div>\n\n\n\n<div class=\"wp-block-button\"><a class=\"wp-block-button__link wp-element-button\" href=\"\/index.php\/alvorninha\/\">Alvorninha<\/a><\/div>\n\n\n\n<div class=\"wp-block-button\"><a class=\"wp-block-button__link wp-element-button\" href=\"\/index.php\/carvalhal-benfeito-2\/\">Carvalhal Benfeito<\/a><\/div>\n\n\n\n<div class=\"wp-block-button\"><a class=\"wp-block-button__link wp-element-button\">Foz do Arelho<\/a><\/div>\n\n\n\n<div class=\"wp-block-button\"><a class=\"wp-block-button__link wp-element-button\" href=\"\/index.php\/landal\/\">Landal<\/a><\/div>\n\n\n\n<div class=\"wp-block-button\"><a class=\"wp-block-button__link wp-element-button\" href=\"\/index.php\/nadadouro\">Nadadouro<\/a><\/div>\n\n\n\n<div class=\"wp-block-button\"><a class=\"wp-block-button__link wp-element-button\" href=\"\/index.php\/nossa-senhora-do-populo-coto-e-sao-gregorio\/\">Nossa Senhora do P\u00f3pulo, Coto e S\u00e3o Greg\u00f3rio<\/a><\/div>\n\n\n\n<div class=\"wp-block-button\"><a class=\"wp-block-button__link wp-element-button\" href=\"\/index.php\/salir-de-matos\/\">Salir de Matos<\/a><\/div>\n\n\n\n<div class=\"wp-block-button\"><a class=\"wp-block-button__link wp-element-button\" href=\"\/index.php\/santo-onofre-e-serra-do-bouro\/\">Santo Onofre e Serra do Bouro<\/a><\/div>\n\n\n\n<div class=\"wp-block-button\"><a class=\"wp-block-button__link wp-element-button\" href=\"\/index.php\/tornada-e-salir-do-porto\/\">Tornada e Salir do Porto<\/a><\/div>\n\n\n\n<div class=\"wp-block-button\"><a class=\"wp-block-button__link wp-element-button\" href=\"\/index.php\/vidais\">Vidais<\/a><\/div>\n<\/div>\n\n\n\n<p class=\"has-text-align-center has-medium-font-size\"><\/p>\n<\/div><\/div>\n","protected":false},"excerpt":{"rendered":"","protected":false},"author":1,"featured_media":0,"parent":0,"menu_order":0,"comment_status":"closed","ping_status":"closed","template":"","meta":{"footnotes":""},"class_list":["post-18","page","type-page","status-publish","hentry"],"_links":{"self":[{"href":"https:\/\/somoscaldas.pt\/index.php\/wp-json\/wp\/v2\/pages\/18","targetHints":{"allow":["GET"]}}],"collection":[{"href":"https:\/\/somoscaldas.pt\/index.php\/wp-json\/wp\/v2\/pages"}],"about":[{"href":"https:\/\/somoscaldas.pt\/index.php\/wp-json\/wp\/v2\/types\/page"}],"author":[{"embeddable":true,"href":"https:\/\/somoscaldas.pt\/index.php\/wp-json\/wp\/v2\/users\/1"}],"replies":[{"embeddable":true,"href":"https:\/\/somoscaldas.pt\/index.php\/wp-json\/wp\/v2\/comments?post=18"}],"version-history":[{"count":6,"href":"https:\/\/somoscaldas.pt\/index.php\/wp-json\/wp\/v2\/pages\/18\/revisions"}],"predecessor-version":[{"id":359,"href":"https:\/\/somoscaldas.pt\/index.php\/wp-json\/wp\/v2\/pages\/18\/revisions\/359"}],"wp:attachment":[{"href":"https:\/\/somoscaldas.pt\/index.php\/wp-json\/wp\/v2\/media?parent=18"}],"curies":[{"name":"wp","href":"https:\/\/api.w.org\/{rel}","templated":true}]}}