{"id":16,"date":"2025-07-29T21:49:53","date_gmt":"2025-07-29T21:49:53","guid":{"rendered":"https:\/\/somoscaldas.pt\/?page_id=16"},"modified":"2025-10-02T20:39:27","modified_gmt":"2025-10-02T20:39:27","slug":"assembleia-municipal","status":"publish","type":"page","link":"https:\/\/somoscaldas.pt\/index.php\/assembleia-municipal\/","title":{"rendered":"Assembleia Municipal"},"content":{"rendered":"\n<main class=\"wp-block-group alignfull\" style=\"margin-top:0;margin-bottom:0;padding-top:var(--wp--preset--spacing--50);padding-bottom:var(--wp--preset--spacing--50)\"><div class=\"wp-block-group__inner-container is-layout-constrained wp-block-group-is-layout-constrained\">\n<div class=\"wp-block-columns alignwide is-layout-flex wp-container-core-columns-is-layout-30f78326 wp-block-columns-is-layout-flex\">\n<div class=\"wp-block-column is-layout-flow wp-block-column-is-layout-flow\" style=\"flex-basis:56%\">\n<figure class=\"wp-block-image size-full is-resized\"><img loading=\"lazy\" decoding=\"async\" width=\"593\" height=\"508\" src=\"https:\/\/somoscaldas.pt\/wp-content\/uploads\/2025\/10\/fernando_costa.jpg\" alt=\"\" class=\"wp-image-282\" style=\"aspect-ratio:1;object-fit:cover;width:460px;height:auto\" srcset=\"https:\/\/somoscaldas.pt\/wp-content\/uploads\/2025\/10\/fernando_costa.jpg 593w, https:\/\/somoscaldas.pt\/wp-content\/uploads\/2025\/10\/fernando_costa-300x257.jpg 300w\" sizes=\"auto, (max-width: 593px) 100vw, 593px\" \/><\/figure>\n<\/div>\n\n\n\n<div class=\"wp-block-column is-vertically-aligned-center is-layout-flow wp-block-column-is-layout-flow\">\n<h2 class=\"wp-block-heading\">Caros Caldenses<\/h2>\n\n\n\n<p>Fui presidente da C\u00e2mara com muita dedica\u00e7\u00e3o e paix\u00e3o, trazendo grande progresso para todo o Concelho.<br>Estes \u00faltimos quatro anos foram uma grande desilus\u00e3o para os Caldenses e atraso para o Concelho.<br>Estou convicto que o Hugo Oliveira, e s\u00f3 ele, conseguir\u00e1 defender o Hospital, as nossas Termas, e trazer grandes projetos e melhorias para os Caldenses em \u00e1reas t\u00e3o importantes como a Habita\u00e7\u00e3o, o Ensino ou o Ambiente, nomeadamente com o arranjo das margens da nossa Lagoa e Salir do Porto.<\/p>\n<\/div>\n<\/div>\n\n\n\n<p>S\u00f3 esta certeza, neste caminho de progresso, me motiva a voltar a pol\u00edtica ativa e a ser candidato \u00e0 Assembleia Municipal.<\/p>\n\n\n\n<p>Conto com todos os Caldenses. <\/p>\n\n\n\n<p><strong>Vamos voltar ao progresso das Caldas.<\/strong><\/p>\n\n\n\n<p><em>Fernando Costa<\/em><\/p>\n\n\n\n<figure class=\"wp-block-image size-large\"><img loading=\"lazy\" decoding=\"async\" width=\"1024\" height=\"898\" src=\"https:\/\/somoscaldas.pt\/wp-content\/uploads\/2025\/10\/assembleia_lista-1024x898.jpg\" alt=\"\" class=\"wp-image-283\" srcset=\"https:\/\/somoscaldas.pt\/wp-content\/uploads\/2025\/10\/assembleia_lista-1024x898.jpg 1024w, https:\/\/somoscaldas.pt\/wp-content\/uploads\/2025\/10\/assembleia_lista-300x263.jpg 300w, https:\/\/somoscaldas.pt\/wp-content\/uploads\/2025\/10\/assembleia_lista-768x674.jpg 768w, https:\/\/somoscaldas.pt\/wp-content\/uploads\/2025\/10\/assembleia_lista-1536x1347.jpg 1536w, https:\/\/somoscaldas.pt\/wp-content\/uploads\/2025\/10\/assembleia_lista-850x746.jpg 850w, https:\/\/somoscaldas.pt\/wp-content\/uploads\/2025\/10\/assembleia_lista.jpg 1783w\" sizes=\"auto, (max-width: 1024px) 100vw, 1024px\" \/><\/figure>\n<\/div><\/main>\n\n\n\n<div class=\"wp-block-buttons is-content-justification-center is-layout-flex wp-container-core-buttons-is-layout-16018d1d wp-block-buttons-is-layout-flex\">\n<div class=\"wp-block-button\"><a class=\"wp-block-button__link has-text-align-center wp-element-button\" href=\"https:\/\/somoscaldas.pt\/wp-content\/uploads\/2025\/10\/SOMOS_20SOMOS-HO_Revisto_1_10_25.pdf\" target=\"_blank\" rel=\"noreferrer noopener\">Programa Eleitoral<\/a><\/div>\n<\/div>\n\n\n\n<p><\/p>\n","protected":false},"excerpt":{"rendered":"<p>Caros Caldenses Fui presidente da C\u00e2mara com muita dedica\u00e7\u00e3o e paix\u00e3o, trazendo grande progresso para todo o Concelho.Estes \u00faltimos quatro anos foram uma grande desilus\u00e3o para os Caldenses e atraso para o Concelho.Estou convicto que o Hugo Oliveira, e s\u00f3 ele, conseguir\u00e1 defender o Hospital, as nossas Termas, e trazer grandes projetos e melhorias para&#8230;<\/p>\n","protected":false},"author":1,"featured_media":0,"parent":0,"menu_order":0,"comment_status":"closed","ping_status":"closed","template":"","meta":{"footnotes":""},"class_list":["post-16","page","type-page","status-publish","hentry"],"_links":{"self":[{"href":"https:\/\/somoscaldas.pt\/index.php\/wp-json\/wp\/v2\/pages\/16","targetHints":{"allow":["GET"]}}],"collection":[{"href":"https:\/\/somoscaldas.pt\/index.php\/wp-json\/wp\/v2\/pages"}],"about":[{"href":"https:\/\/somoscaldas.pt\/index.php\/wp-json\/wp\/v2\/types\/page"}],"author":[{"embeddable":true,"href":"https:\/\/somoscaldas.pt\/index.php\/wp-json\/wp\/v2\/users\/1"}],"replies":[{"embeddable":true,"href":"https:\/\/somoscaldas.pt\/index.php\/wp-json\/wp\/v2\/comments?post=16"}],"version-history":[{"count":4,"href":"https:\/\/somoscaldas.pt\/index.php\/wp-json\/wp\/v2\/pages\/16\/revisions"}],"predecessor-version":[{"id":396,"href":"https:\/\/somoscaldas.pt\/index.php\/wp-json\/wp\/v2\/pages\/16\/revisions\/396"}],"wp:attachment":[{"href":"https:\/\/somoscaldas.pt\/index.php\/wp-json\/wp\/v2\/media?parent=16"}],"curies":[{"name":"wp","href":"https:\/\/api.w.org\/{rel}","templated":true}]}}