{"id":131,"date":"2025-09-30T20:52:41","date_gmt":"2025-09-30T20:52:41","guid":{"rendered":"https:\/\/somoscaldas.pt\/?page_id=131"},"modified":"2025-10-01T22:58:05","modified_gmt":"2025-10-01T22:58:05","slug":"alvorninha","status":"publish","type":"page","link":"https:\/\/somoscaldas.pt\/index.php\/alvorninha\/","title":{"rendered":"Alvorninha"},"content":{"rendered":"\n<main class=\"wp-block-group alignfull\" style=\"margin-top:0;margin-bottom:0;padding-top:var(--wp--preset--spacing--50);padding-bottom:var(--wp--preset--spacing--50)\"><div class=\"wp-block-group__inner-container is-layout-constrained wp-block-group-is-layout-constrained\">\n<div class=\"wp-block-columns alignwide is-layout-flex wp-container-core-columns-is-layout-30f78326 wp-block-columns-is-layout-flex\">\n<div class=\"wp-block-column is-layout-flow wp-block-column-is-layout-flow\" style=\"flex-basis:56%\">\n<figure class=\"wp-block-image size-full is-resized\"><img loading=\"lazy\" decoding=\"async\" width=\"345\" height=\"322\" src=\"https:\/\/somoscaldas.pt\/wp-content\/uploads\/2025\/09\/alvorninha.png\" alt=\"\" class=\"wp-image-132\" style=\"aspect-ratio:1;object-fit:cover;width:465px;height:auto\" srcset=\"https:\/\/somoscaldas.pt\/wp-content\/uploads\/2025\/09\/alvorninha.png 345w, https:\/\/somoscaldas.pt\/wp-content\/uploads\/2025\/09\/alvorninha-300x280.png 300w\" sizes=\"auto, (max-width: 345px) 100vw, 345px\" \/><\/figure>\n<\/div>\n\n\n\n<div class=\"wp-block-column is-vertically-aligned-center is-layout-flow wp-block-column-is-layout-flow\">\n<h2 class=\"wp-block-heading\">Caras e Caros Amigos<\/h2>\n\n\n\n<p>Alvorninha merece continuidade<br>com responsabilidade, dedica\u00e7\u00e3o e proximidade.<br>\u00c9 por isso que, com grande honra, mas<br>tamb\u00e9m com a plena consci\u00eancia do desafio que me \u00e9 colocado, que me apresento como candidato \u00e0 Junta de Freguesia de Alvorninha.<\/p>\n<\/div>\n<\/div>\n\n\n\n<p>Acredito que o futuro da nossa freguesia se constr\u00f3i com a participa\u00e7\u00e3o de todos.<br>A proximidade com as pessoas e o trabalho empenhado, s\u00e3o os nossos compromissos para a concretiza\u00e7\u00e3o de uma renovada vis\u00e3o para o futuro, onde a nossa Freguesia atingir\u00e1 um<br>novo patamar de qualidade de vida e bem-estar da popula\u00e7\u00e3o.<\/p>\n\n\n\n<figure class=\"wp-block-image size-full\"><img loading=\"lazy\" decoding=\"async\" width=\"911\" height=\"609\" src=\"https:\/\/somoscaldas.pt\/wp-content\/uploads\/2025\/09\/hugo_alvorninha-03.jpg\" alt=\"\" class=\"wp-image-136\" srcset=\"https:\/\/somoscaldas.pt\/wp-content\/uploads\/2025\/09\/hugo_alvorninha-03.jpg 911w, https:\/\/somoscaldas.pt\/wp-content\/uploads\/2025\/09\/hugo_alvorninha-03-300x201.jpg 300w, https:\/\/somoscaldas.pt\/wp-content\/uploads\/2025\/09\/hugo_alvorninha-03-768x513.jpg 768w, https:\/\/somoscaldas.pt\/wp-content\/uploads\/2025\/09\/hugo_alvorninha-03-850x568.jpg 850w\" sizes=\"auto, (max-width: 911px) 100vw, 911px\" \/><\/figure>\n<\/div><\/main>\n\n\n\n<h2 class=\"wp-block-heading\">ALVORNINHA MERECE MAIS.<\/h2>\n\n\n\n<p><strong>Programa Eleitoral para a Freguesia de ALVORNINHA 2025-2029<\/strong><\/p>\n\n\n\n<p><strong>A\u00e7\u00e3o Social<\/strong><\/p>\n\n\n\n<ul class=\"wp-block-list\">\n<li>Promover um passeio anual com os Idosos da Freguesia;<\/li>\n\n\n\n<li>Realizar festa de Natal para os Idosos;<\/li>\n\n\n\n<li>Proporcionar atividades ao longo do ano aos idosos;<\/li>\n\n\n\n<li>Proporcionar \u00e0s crian\u00e7as da freguesia ocupa\u00e7\u00f5es dos tempos livres durante as interrup\u00e7\u00f5es letivas;<\/li>\n\n\n\n<li>Programa \u201cF\u00e9rias\u201d para as crian\u00e7as no m\u00eas de Julho, em parceria com a junta de freguesia dos Vidais;<\/li>\n\n\n\n<li>Apoiar a ADSFA nas suas determinantes atividades para a freguesia de Alvorninha (Lar de Idosos, Centro<\/li>\n\n\n\n<li>de Dia, Apoio domicili\u00e1rio, etc);<\/li>\n\n\n\n<li>Lutar para coloca\u00e7\u00e3o de m\u00e9dico de fam\u00edlia no Centro de Sa\u00fade;<\/li>\n\n\n\n<li>Apoiar as fam\u00edlias mais desfavorecidas;<\/li>\n<\/ul>\n\n\n\n<p><strong>Educa\u00e7\u00e3o<\/strong><\/p>\n\n\n\n<ul class=\"wp-block-list\">\n<li>Concluir o processo da Creche\/ Ber\u00e7\u00e1rio da Ramalhosa com a sua abertura;<\/li>\n\n\n\n<li>Colaborar com a dire\u00e7\u00e3o do Centro Educativo de Alvorninha na resolu\u00e7\u00e3o de problemas e desenvolvimento de novos projetos;<\/li>\n\n\n\n<li>Apoiar as atividades promovidas pelo Centro Educativo de Alvorninha;<\/li>\n\n\n\n<li>Estudo para creche no Centro Educativo de Alvorninha;<\/li>\n\n\n\n<li>Continuar a colaborar nos transportes escolares;<\/li>\n<\/ul>\n\n\n\n<p><strong>Desporto\/ Lazer\/ Cultura<\/strong><\/p>\n\n\n\n<ul class=\"wp-block-list\">\n<li>Em articula\u00e7\u00e3o com as entidades respons\u00e1veis pela barragem:<\/li>\n\n\n\n<li>Instala\u00e7\u00e3o de bar\/restaurante e wc\u2019s;<\/li>\n\n\n\n<li>Desenvolver uma zona de lazer com capacidade para a pr\u00e1tica de alguns desportos n\u00e1uticos;<\/li>\n\n\n\n<li>Cria\u00e7\u00e3o de passadi\u00e7o junto \u00e0 margem esquerda da barragem;<\/li>\n\n\n\n<li>Espa\u00e7o em frente ao Centro Educativo de Alvorninha:<\/li>\n\n\n\n<li>Cria\u00e7\u00e3o de um parque de lazer arborizado, com bancos, mesas e espa\u00e7o infantil;<\/li>\n\n\n\n<li>Constru\u00e7\u00e3o de um mini-polidesportivo onde se possa usufruir de algumas modalidades desportivas;<\/li>\n\n\n\n<li>Constru\u00e7\u00e3o de casas de banho nesse espa\u00e7o;<\/li>\n\n\n\n<li>Constru\u00e7\u00e3o de casas de banho e infraestrutura de apoio log\u00edstico junto ao Pavilh\u00e3o Dom Jos\u00e9 Policarpo;<\/li>\n\n\n\n<li>Apoiar todas a coletividades da freguesia pela import\u00e2ncia que t\u00eam para a nossa comunidade, principalmente na melhoria das suas infraestruturas assim como no apoio \u00e0s suas atividades;<\/li>\n\n\n\n<li>Promover eventos anuais (Dia da Crian\u00e7a, Natal Alvorninha, Dia do Moinho, Cinema ao Ar livre, etc);<\/li>\n\n\n\n<li>Realiza\u00e7\u00e3o do Evento Somos Alvorninha;<\/li>\n\n\n\n<li>Apoiar a ADA (Associa\u00e7\u00e3o Desportiva de Alvorninha) nas suas atividades desportivas;<\/li>\n\n\n\n<li>Divulgar os percursos pedonais da freguesia;<\/li>\n\n\n\n<li>Cria\u00e7\u00e3o da casa da cultura em Alvorninha em parceria com o Mun\u00edcipio;<\/li>\n\n\n\n<li>Constru\u00e7\u00e3o de campo de Padel, desporto com um n\u00famero significativo de atletas na freguesia.<\/li>\n<\/ul>\n\n\n\n<p><strong>Desenvolvimento Econ\u00f3mico<\/strong><\/p>\n\n\n\n<ul class=\"wp-block-list\">\n<li>Apoiar o Centro de Gest\u00e3o Agr\u00edcola de Alvorninha nos trabalhos de valoriza\u00e7\u00e3o da agricultura da Freguesia;<\/li>\n\n\n\n<li>Apoio ao com\u00e9rcio local, incentivar o com\u00e9rcio tradicional com campanhas de promo\u00e7\u00e3o, feiras de<br>produtos regionais e plataformas digitais para facilitar a compra e venda local<\/li>\n\n\n\n<li>Acompanhar\/ouvir todas as empresas da freguesia de Alvorninha;<\/li>\n<\/ul>\n\n\n\n<p><strong>Urbanismo<\/strong><\/p>\n\n\n\n<ul class=\"wp-block-list\">\n<li>Acompanhar a revis\u00e3o do PDM de modo a defender os interesses da nossa Freguesia;<\/li>\n\n\n\n<li>Apoio \u00e0 habita\u00e7\u00e3o Jovem de forma \u00e0 fixa\u00e7\u00e3o dos mesmos na freguesia;<\/li>\n\n\n\n<li>Promover arranjos exteriores em diversas aldeias da Freguesia;<\/li>\n\n\n\n<li>Encetar esfor\u00e7os junto das entidades competentes para Constru\u00e7\u00e3o de ciclovia entre as Bombas da<br>Ribeira dos Amiais e fim da Ribeira dos Amiais;<\/li>\n\n\n\n<li>Moderniza\u00e7\u00e3o e coloca\u00e7\u00e3o de nova sinal\u00e9tica em toda a Freguesia;<\/li>\n\n\n\n<li>Estudo para poss\u00edvel seguimento da estrada que termina no centro educativo de Alvorninha;<\/li>\n\n\n\n<li>Manuten\u00e7\u00e3o da rede vi\u00e1ria em bom estado e com a sinaliza\u00e7\u00e3o devida.<\/li>\n<\/ul>\n\n\n\n<p><strong>Ambiente<\/strong><\/p>\n\n\n\n<ul class=\"wp-block-list\">\n<li>Compromisso com os fregueses na luta contra o pagamento de saneamento sem usufruir do mesmo;<\/li>\n\n\n\n<li>Encetar esfor\u00e7os junto da C\u00e2mara Municipal para alargamento da rede de saneamento b\u00e1sico na freguesia;<\/li>\n\n\n\n<li>Implementar uma pol\u00edtica ambiental no Mercado de Santana, de forma a reduzir o lixo no ch\u00e3o no<br>final de cada domingo;<\/li>\n\n\n\n<li>Campanhas de educa\u00e7\u00e3o ambiental na escola, folhetos de sensibiliza\u00e7\u00e3o ambiental e placas junto<br>dos contentores do lixo para a n\u00e3o coloca\u00e7\u00e3o de monos e outros detritos no ch\u00e3o;<\/li>\n\n\n\n<li>Limpeza e ro\u00e7a nas bermas das estradas alcatroadas e estradas agr\u00edcolas.<\/li>\n<\/ul>\n\n\n\n<p><strong>Patrim\u00f3nio<\/strong><\/p>\n\n\n\n<ul class=\"wp-block-list\">\n<li>Manter o patrim\u00f3nio em bom estado de limpeza e conserva\u00e7\u00e3o;<\/li>\n\n\n\n<li>Limpeza e arranjo dos espa\u00e7os entre covas nos cemit\u00e9rios;<\/li>\n\n\n\n<li>Aquisi\u00e7\u00e3o de columb\u00e1rios para os cemit\u00e9rios;<\/li>\n\n\n\n<li>Apoio para constru\u00e7\u00e3o de uma casa mortu\u00e1ria em Alvorninha;<\/li>\n\n\n\n<li>Preservar fontan\u00e1rios e cria\u00e7\u00e3o de pequenos espa\u00e7os de lazer junto aos mesmos;<\/li>\n\n\n\n<li>Arranjo e pintura de pontes;<\/li>\n\n\n\n<li>Moderniza\u00e7\u00e3o da sede da Junta de Freguesia;<\/li>\n\n\n\n<li>Melhorar as condi\u00e7\u00f5es f\u00edsicas do Centro de Sa\u00fade de Alvorninha;<\/li>\n<\/ul>\n\n\n\n<p><strong>Mercado de Santana<\/strong><\/p>\n\n\n\n<ul class=\"wp-block-list\">\n<li>Reestrutura\u00e7\u00e3o geral no mercado de forma a tornar o mesmo, moderno, organizado e atrativo \u2013<br>Projeto a 8 anos.<\/li>\n\n\n\n<li>Refor\u00e7ar a promo\u00e7\u00e3o e divulga\u00e7\u00e3o;<\/li>\n\n\n\n<li>Dotar o mercado de novas Infraestruturas de apoio.<\/li>\n<\/ul>\n\n\n\n<hr class=\"wp-block-separator has-alpha-channel-opacity\"\/>\n\n\n\n<p><strong>1. <\/strong>Compromisso com os fregueses na luta contra o pagamento de saneamento sem usufruir do mesmo;<br><br><strong>2. <\/strong>Encetar esfor\u00e7os junto da C\u00e2mara Municipal para alargamento da rede de saneamento b\u00e1sico na freguesia;<br><br><strong>3. <\/strong>Lutar para coloca\u00e7\u00e3o de m\u00e9dico de fam\u00edlia no Centro de Sa\u00fade;<br><br><strong>4. <\/strong>Melhorar as condi\u00e7\u00f5es f\u00edsicas do Centro de Sa\u00fade de Alvorninha;<br><br><strong>5. <\/strong>Concluir o processo da Creche\/ Ber\u00e7\u00e1rio da Ramalhosa com a sua abertura;<\/p>\n\n\n\n<p><strong>6. <\/strong>Espa\u00e7o em frente ao Centro Educativo de Alvorninha:<br>&#8211; Cria\u00e7\u00e3o de um parque de lazer arborizado, com bancos, mesas e espa\u00e7o infantil;<br>&#8211; Constru\u00e7\u00e3o de um mini-polidesportivo onde se possa usufruir de algumas modalidades desportivas;<br>&#8211; Constru\u00e7\u00e3o de casas de banho nesse espa\u00e7o<br><\/p>\n\n\n\n<p><strong>7. <\/strong>Em articula\u00e7\u00e3o com as entidades respons\u00e1veis pela barragem:<br>&#8211; Instala\u00e7\u00e3o de bar\/restaurante e WC\u2019s;<br>&#8211; Desenvolver uma zona de lazer com capacidade para a pr\u00e1tica de alguns desportos n\u00e1uticos;<br>&#8211; Cria\u00e7\u00e3o de passadi\u00e7o junto \u00e0 margem esquerda da barragem;<br><\/p>\n\n\n\n<p><strong>8. <\/strong>Apoio ao com\u00e9rcio local, incentivar o com\u00e9rcio tradicional com campanhas de promo\u00e7\u00e3o, feiras de produtos regionais e plataformas digitais para facilitar a compra e venda local;<br><\/p>\n\n\n\n<p><strong>9.<\/strong> Encetar esfor\u00e7os junto das entidades competentes para Constru\u00e7\u00e3o de ciclovia\/ passeio entre as Bombas da Ribeira dos Amiais e fim da Ribeira dos Amiais;<br><\/p>\n\n\n\n<p><strong>10 .<\/strong> Reestrutura\u00e7\u00e3o geral no mercado de Santana de forma a tornar o mesmo, moderno, organizado e atrativo \u2013 Projeto a 8 anos.<\/p>\n\n\n\n<p><\/p>\n\n\n\n<div class=\"wp-block-buttons is-layout-flex wp-block-buttons-is-layout-flex\">\n<div class=\"wp-block-button\"><a class=\"wp-block-button__link wp-element-button\" href=\"https:\/\/somoscaldas.pt\/wp-content\/uploads\/2025\/10\/FolhetoALVORNINHA.pdf\" target=\"_blank\" rel=\"noreferrer noopener\">Folheto Alvorninha<\/a><\/div>\n<\/div>\n\n\n\n<p><\/p>\n","protected":false},"excerpt":{"rendered":"<p>Caras e Caros Amigos Alvorninha merece continuidadecom responsabilidade, dedica\u00e7\u00e3o e proximidade.\u00c9 por isso que, com grande honra, mastamb\u00e9m com a plena consci\u00eancia do desafio que me \u00e9 colocado, que me apresento como candidato \u00e0 Junta de Freguesia de Alvorninha. Acredito que o futuro da nossa freguesia se constr\u00f3i com a participa\u00e7\u00e3o de todos.A proximidade com&#8230;<\/p>\n","protected":false},"author":1,"featured_media":0,"parent":0,"menu_order":0,"comment_status":"closed","ping_status":"closed","template":"","meta":{"footnotes":""},"class_list":["post-131","page","type-page","status-publish","hentry"],"_links":{"self":[{"href":"https:\/\/somoscaldas.pt\/index.php\/wp-json\/wp\/v2\/pages\/131","targetHints":{"allow":["GET"]}}],"collection":[{"href":"https:\/\/somoscaldas.pt\/index.php\/wp-json\/wp\/v2\/pages"}],"about":[{"href":"https:\/\/somoscaldas.pt\/index.php\/wp-json\/wp\/v2\/types\/page"}],"author":[{"embeddable":true,"href":"https:\/\/somoscaldas.pt\/index.php\/wp-json\/wp\/v2\/users\/1"}],"replies":[{"embeddable":true,"href":"https:\/\/somoscaldas.pt\/index.php\/wp-json\/wp\/v2\/comments?post=131"}],"version-history":[{"count":9,"href":"https:\/\/somoscaldas.pt\/index.php\/wp-json\/wp\/v2\/pages\/131\/revisions"}],"predecessor-version":[{"id":364,"href":"https:\/\/somoscaldas.pt\/index.php\/wp-json\/wp\/v2\/pages\/131\/revisions\/364"}],"wp:attachment":[{"href":"https:\/\/somoscaldas.pt\/index.php\/wp-json\/wp\/v2\/media?parent=131"}],"curies":[{"name":"wp","href":"https:\/\/api.w.org\/{rel}","templated":true}]}}