{"id":13,"date":"2025-07-29T21:48:37","date_gmt":"2025-07-29T21:48:37","guid":{"rendered":"https:\/\/somoscaldas.pt\/?page_id=13"},"modified":"2025-10-04T10:09:35","modified_gmt":"2025-10-04T10:09:35","slug":"camara-municipal","status":"publish","type":"page","link":"https:\/\/somoscaldas.pt\/index.php\/camara-municipal\/","title":{"rendered":"C\u00e2mara Municipal"},"content":{"rendered":"\n<main class=\"wp-block-group alignfull\" style=\"margin-top:0;margin-bottom:0;padding-top:var(--wp--preset--spacing--50);padding-bottom:var(--wp--preset--spacing--50)\"><div class=\"wp-block-group__inner-container is-layout-constrained wp-block-group-is-layout-constrained\">\n<div class=\"wp-block-columns alignwide is-layout-flex wp-container-core-columns-is-layout-30f78326 wp-block-columns-is-layout-flex\">\n<div class=\"wp-block-column is-layout-flow wp-block-column-is-layout-flow\" style=\"flex-basis:56%\">\n<figure class=\"wp-block-image size-full is-resized\"><img loading=\"lazy\" decoding=\"async\" width=\"937\" height=\"978\" src=\"https:\/\/somoscaldas.pt\/wp-content\/uploads\/2025\/10\/hugo-oliveira.png\" alt=\"\" class=\"wp-image-288\" style=\"aspect-ratio:3\/4;object-fit:cover;width:350px\" srcset=\"https:\/\/somoscaldas.pt\/wp-content\/uploads\/2025\/10\/hugo-oliveira.png 937w, https:\/\/somoscaldas.pt\/wp-content\/uploads\/2025\/10\/hugo-oliveira-287x300.png 287w, https:\/\/somoscaldas.pt\/wp-content\/uploads\/2025\/10\/hugo-oliveira-768x802.png 768w, https:\/\/somoscaldas.pt\/wp-content\/uploads\/2025\/10\/hugo-oliveira-300x313.png 300w, https:\/\/somoscaldas.pt\/wp-content\/uploads\/2025\/10\/hugo-oliveira-850x887.png 850w\" sizes=\"auto, (max-width: 937px) 100vw, 937px\" \/><\/figure>\n<\/div>\n\n\n\n<div class=\"wp-block-column is-vertically-aligned-center is-layout-flow wp-block-column-is-layout-flow\" style=\"flex-basis:500px\">\n<h2 class=\"wp-block-heading\">Caros Caldenses<\/h2>\n\n\n\n<p>Foi nas Caldas que passei a minha juventude. \u00c9 nas Caldas que est\u00e3o os meus amigos e as minha ra\u00edzes.<\/p>\n\n\n\n<p>Ambos me acompanham em tudo o que fa\u00e7o e me ajudam a tomar todas as decis\u00f5es. E n\u00e3o podia ter melhores conselheiros.<br>Aprendi nos \u00faltimos anos como se constroem os caminhos, mas aprendi tamb\u00e9m que nenhum deles se trilha sozinho.<\/p>\n\n\n\n<p>Por isso vos pe\u00e7o, com humildade e confian\u00e7a, o vosso imprescind\u00edvel apoio.<\/p>\n\n\n\n<p>Porque juntos Somos Caldas e juntos Caldas vai de novo Brilhar.<\/p>\n<\/div>\n<\/div>\n\n\n\n<p><em>Hugo Oliveira<\/em><\/p>\n\n\n\n<h2 class=\"wp-block-heading\">Lista de Candidatos \u00e0 C\u00e2mara Municipal:<\/h2>\n\n\n\n<figure class=\"wp-block-image size-large\"><img loading=\"lazy\" decoding=\"async\" width=\"1024\" height=\"790\" src=\"https:\/\/somoscaldas.pt\/wp-content\/uploads\/2025\/10\/camara_lista-1024x790.jpg\" alt=\"\" class=\"wp-image-291\" srcset=\"https:\/\/somoscaldas.pt\/wp-content\/uploads\/2025\/10\/camara_lista-1024x790.jpg 1024w, https:\/\/somoscaldas.pt\/wp-content\/uploads\/2025\/10\/camara_lista-300x231.jpg 300w, https:\/\/somoscaldas.pt\/wp-content\/uploads\/2025\/10\/camara_lista-768x592.jpg 768w, https:\/\/somoscaldas.pt\/wp-content\/uploads\/2025\/10\/camara_lista-1536x1184.jpg 1536w, https:\/\/somoscaldas.pt\/wp-content\/uploads\/2025\/10\/camara_lista-850x655.jpg 850w, https:\/\/somoscaldas.pt\/wp-content\/uploads\/2025\/10\/camara_lista.jpg 1616w\" sizes=\"auto, (max-width: 1024px) 100vw, 1024px\" \/><\/figure>\n\n\n\n<h2 class=\"wp-block-heading\">CALDAS VAI VOLTAR A BRILHAR<\/h2>\n<\/div><\/main>\n\n\n\n<p><strong>10 Principais Medidas para o Concelho<\/strong><\/p>\n\n\n\n<blockquote class=\"wp-block-quote is-layout-flow wp-block-quote-is-layout-flow\">\n<p><strong>1<\/strong><\/p>\n<\/blockquote>\n\n\n\n<ul class=\"wp-block-list\">\n<li>Novo Hospital do Oeste nas Caldas da Rainha,<\/li>\n\n\n\n<li>Novo balne\u00e1rio termal e centro de medicina f\u00edsica e reabilita\u00e7\u00e3o.<\/li>\n<\/ul>\n\n\n\n<blockquote class=\"wp-block-quote is-layout-flow wp-block-quote-is-layout-flow\">\n<p><strong>2<\/strong><\/p>\n<\/blockquote>\n\n\n\n<ul class=\"wp-block-list\">\n<li>Mais 600 lugares de estacionamento na cidade<\/li>\n<\/ul>\n\n\n\n<blockquote class=\"wp-block-quote is-layout-flow wp-block-quote-is-layout-flow\">\n<p><strong>3<\/strong><\/p>\n<\/blockquote>\n\n\n\n<ul class=\"wp-block-list\">\n<li>Ciclovia a ligar a cidade \u00e0 Lagoa de \u00d3bidos<\/li>\n<\/ul>\n\n\n\n<blockquote class=\"wp-block-quote is-layout-flow wp-block-quote-is-layout-flow\">\n<p><strong>4<\/strong><\/p>\n<\/blockquote>\n\n\n\n<ul class=\"wp-block-list\">\n<li>Cobertura da pra\u00e7a da fruta,<\/li>\n\n\n\n<li>Fim do licenciamento zero,<\/li>\n\n\n\n<li>Refor\u00e7o da fiscaliza\u00e7\u00e3o ao com\u00e9rcio ilegal.<\/li>\n<\/ul>\n\n\n\n<blockquote class=\"wp-block-quote is-layout-flow wp-block-quote-is-layout-flow\">\n<p><strong>5<\/strong><\/p>\n<\/blockquote>\n\n\n\n<p>Requalifica\u00e7\u00e3o:<\/p>\n\n\n\n<ul class=\"wp-block-list\">\n<li>Pra\u00e7a 5 de Outubro,<\/li>\n\n\n\n<li>Mercado do peixe,<\/li>\n\n\n\n<li>Margens da lagoa de \u00d3bidos,<\/li>\n\n\n\n<li>Parque das \u00c1guas Santas.<\/li>\n<\/ul>\n\n\n\n<blockquote class=\"wp-block-quote is-layout-flow wp-block-quote-is-layout-flow\">\n<p><strong>6<\/strong><\/p>\n<\/blockquote>\n\n\n\n<ul class=\"wp-block-list\">\n<li>Audit\u00f3rio cultural do Oeste com 2500 lugares na antiga Orbitur<\/li>\n<\/ul>\n\n\n\n<blockquote class=\"wp-block-quote is-layout-flow wp-block-quote-is-layout-flow\">\n<p><strong>7<\/strong><\/p>\n<\/blockquote>\n\n\n\n<ul class=\"wp-block-list\">\n<li>Amplia\u00e7\u00e3o e Reabilita\u00e7\u00e3o da Zona Industrial<\/li>\n<\/ul>\n\n\n\n<blockquote class=\"wp-block-quote is-layout-flow wp-block-quote-is-layout-flow\">\n<p><strong>8<\/strong><\/p>\n<\/blockquote>\n\n\n\n<ul class=\"wp-block-list\">\n<li>Suspender a taxa de saneamento a quem n\u00e3o o tem<\/li>\n<\/ul>\n\n\n\n<blockquote class=\"wp-block-quote is-layout-flow wp-block-quote-is-layout-flow\">\n<p><strong>9<\/strong><\/p>\n<\/blockquote>\n\n\n\n<ul class=\"wp-block-list\">\n<li>Seis novas creches no Concelho<\/li>\n<\/ul>\n\n\n\n<blockquote class=\"wp-block-quote is-layout-flow wp-block-quote-is-layout-flow\">\n<p><strong>10<\/strong><\/p>\n<\/blockquote>\n\n\n\n<ul class=\"wp-block-list\">\n<li>Seguro de sa\u00fade gratuito para todos os Caldenses com mais de 65 anos<\/li>\n<\/ul>\n\n\n\n<div style=\"height:45px\" aria-hidden=\"true\" class=\"wp-block-spacer\"><\/div>\n\n\n\n<h2 class=\"wp-block-heading\">Queremos uma melhor cidade para viver. <\/h2>\n\n\n\n<p>Apresentamos a nossa Vis\u00e3o para a Cidade com alguns dos projetos estruturantes:<\/p>\n\n\n\n<figure class=\"wp-block-gallery has-nested-images columns-2 is-cropped wp-block-gallery-1 is-layout-flex wp-block-gallery-is-layout-flex\">\n<figure class=\"wp-block-image size-full\"><img loading=\"lazy\" decoding=\"async\" width=\"864\" height=\"1184\" data-id=\"303\" src=\"https:\/\/somoscaldas.pt\/wp-content\/uploads\/2025\/10\/aguas-santas4.jpg\" alt=\"\" class=\"wp-image-303\" srcset=\"https:\/\/somoscaldas.pt\/wp-content\/uploads\/2025\/10\/aguas-santas4.jpg 864w, https:\/\/somoscaldas.pt\/wp-content\/uploads\/2025\/10\/aguas-santas4-219x300.jpg 219w, https:\/\/somoscaldas.pt\/wp-content\/uploads\/2025\/10\/aguas-santas4-747x1024.jpg 747w, https:\/\/somoscaldas.pt\/wp-content\/uploads\/2025\/10\/aguas-santas4-768x1052.jpg 768w, https:\/\/somoscaldas.pt\/wp-content\/uploads\/2025\/10\/aguas-santas4-300x411.jpg 300w, https:\/\/somoscaldas.pt\/wp-content\/uploads\/2025\/10\/aguas-santas4-850x1165.jpg 850w\" sizes=\"auto, (max-width: 864px) 100vw, 864px\" \/><figcaption class=\"wp-element-caption\">Silo autom\u00f3vel junto \u00e0 Esta\u00e7\u00e3o de Caminhos de Ferro<\/figcaption><\/figure>\n\n\n\n<figure class=\"wp-block-image size-full\"><img loading=\"lazy\" decoding=\"async\" width=\"1325\" height=\"736\" data-id=\"302\" src=\"https:\/\/somoscaldas.pt\/wp-content\/uploads\/2025\/10\/aguas-santas3.jpg\" alt=\"\" class=\"wp-image-302\" srcset=\"https:\/\/somoscaldas.pt\/wp-content\/uploads\/2025\/10\/aguas-santas3.jpg 1325w, https:\/\/somoscaldas.pt\/wp-content\/uploads\/2025\/10\/aguas-santas3-300x167.jpg 300w, https:\/\/somoscaldas.pt\/wp-content\/uploads\/2025\/10\/aguas-santas3-1024x569.jpg 1024w, https:\/\/somoscaldas.pt\/wp-content\/uploads\/2025\/10\/aguas-santas3-768x427.jpg 768w, https:\/\/somoscaldas.pt\/wp-content\/uploads\/2025\/10\/aguas-santas3-850x472.jpg 850w\" sizes=\"auto, (max-width: 1325px) 100vw, 1325px\" \/><figcaption class=\"wp-element-caption\">Passagem Pedonal junto aos SILOS<\/figcaption><\/figure>\n\n\n\n<figure class=\"wp-block-image size-large\"><img loading=\"lazy\" decoding=\"async\" width=\"1024\" height=\"675\" data-id=\"301\" src=\"https:\/\/somoscaldas.pt\/wp-content\/uploads\/2025\/10\/aguas-santas2-1024x675.jpg\" alt=\"\" class=\"wp-image-301\" srcset=\"https:\/\/somoscaldas.pt\/wp-content\/uploads\/2025\/10\/aguas-santas2-1024x675.jpg 1024w, https:\/\/somoscaldas.pt\/wp-content\/uploads\/2025\/10\/aguas-santas2-300x198.jpg 300w, https:\/\/somoscaldas.pt\/wp-content\/uploads\/2025\/10\/aguas-santas2-768x507.jpg 768w, https:\/\/somoscaldas.pt\/wp-content\/uploads\/2025\/10\/aguas-santas2-350x230.jpg 350w, https:\/\/somoscaldas.pt\/wp-content\/uploads\/2025\/10\/aguas-santas2-850x561.jpg 850w, https:\/\/somoscaldas.pt\/wp-content\/uploads\/2025\/10\/aguas-santas2.jpg 1184w\" sizes=\"auto, (max-width: 1024px) 100vw, 1024px\" \/><figcaption class=\"wp-element-caption\">Parque das \u00c1guas Santas<\/figcaption><\/figure>\n\n\n\n<figure class=\"wp-block-image size-full\"><img loading=\"lazy\" decoding=\"async\" width=\"1176\" height=\"864\" data-id=\"300\" src=\"https:\/\/somoscaldas.pt\/wp-content\/uploads\/2025\/10\/aguas-santas1.jpg\" alt=\"\" class=\"wp-image-300\" srcset=\"https:\/\/somoscaldas.pt\/wp-content\/uploads\/2025\/10\/aguas-santas1.jpg 1176w, https:\/\/somoscaldas.pt\/wp-content\/uploads\/2025\/10\/aguas-santas1-300x220.jpg 300w, https:\/\/somoscaldas.pt\/wp-content\/uploads\/2025\/10\/aguas-santas1-1024x752.jpg 1024w, https:\/\/somoscaldas.pt\/wp-content\/uploads\/2025\/10\/aguas-santas1-768x564.jpg 768w, https:\/\/somoscaldas.pt\/wp-content\/uploads\/2025\/10\/aguas-santas1-850x624.jpg 850w\" sizes=\"auto, (max-width: 1176px) 100vw, 1176px\" \/><figcaption class=\"wp-element-caption\">Parque das \u00c1guas Santas<\/figcaption><\/figure>\n\n\n\n<figure class=\"wp-block-image size-large\"><img loading=\"lazy\" decoding=\"async\" width=\"1024\" height=\"675\" data-id=\"299\" src=\"https:\/\/somoscaldas.pt\/wp-content\/uploads\/2025\/10\/aguas-santas6-1024x675.jpg\" alt=\"\" class=\"wp-image-299\" srcset=\"https:\/\/somoscaldas.pt\/wp-content\/uploads\/2025\/10\/aguas-santas6-1024x675.jpg 1024w, https:\/\/somoscaldas.pt\/wp-content\/uploads\/2025\/10\/aguas-santas6-300x198.jpg 300w, https:\/\/somoscaldas.pt\/wp-content\/uploads\/2025\/10\/aguas-santas6-768x507.jpg 768w, https:\/\/somoscaldas.pt\/wp-content\/uploads\/2025\/10\/aguas-santas6-350x230.jpg 350w, https:\/\/somoscaldas.pt\/wp-content\/uploads\/2025\/10\/aguas-santas6-850x561.jpg 850w, https:\/\/somoscaldas.pt\/wp-content\/uploads\/2025\/10\/aguas-santas6.jpg 1184w\" sizes=\"auto, (max-width: 1024px) 100vw, 1024px\" \/><figcaption class=\"wp-element-caption\">Parque das \u00c1guas Santas<\/figcaption><\/figure>\n\n\n\n<figure class=\"wp-block-image size-large\"><img loading=\"lazy\" decoding=\"async\" width=\"1024\" height=\"576\" data-id=\"386\" src=\"https:\/\/somoscaldas.pt\/wp-content\/uploads\/2025\/10\/largo-1024x576.jpeg\" alt=\"\" class=\"wp-image-386\" srcset=\"https:\/\/somoscaldas.pt\/wp-content\/uploads\/2025\/10\/largo-1024x576.jpeg 1024w, https:\/\/somoscaldas.pt\/wp-content\/uploads\/2025\/10\/largo-300x169.jpeg 300w, https:\/\/somoscaldas.pt\/wp-content\/uploads\/2025\/10\/largo-768x432.jpeg 768w, https:\/\/somoscaldas.pt\/wp-content\/uploads\/2025\/10\/largo-850x478.jpeg 850w, https:\/\/somoscaldas.pt\/wp-content\/uploads\/2025\/10\/largo.jpeg 1280w\" sizes=\"auto, (max-width: 1024px) 100vw, 1024px\" \/><figcaption class=\"wp-element-caption\">Requalifica\u00e7\u00e3o do Largo Her\u00f3is de Naulila<\/figcaption><\/figure>\n\n\n\n<figure class=\"wp-block-image size-full\"><img loading=\"lazy\" decoding=\"async\" width=\"1184\" height=\"864\" data-id=\"397\" src=\"https:\/\/somoscaldas.pt\/wp-content\/uploads\/2025\/10\/largo_concelheiro_jose_filipe.jpeg\" alt=\"Largo do Conselheiro Jos\u00e9 Filipe\" class=\"wp-image-397\" srcset=\"https:\/\/somoscaldas.pt\/wp-content\/uploads\/2025\/10\/largo_concelheiro_jose_filipe.jpeg 1184w, https:\/\/somoscaldas.pt\/wp-content\/uploads\/2025\/10\/largo_concelheiro_jose_filipe-300x219.jpeg 300w, https:\/\/somoscaldas.pt\/wp-content\/uploads\/2025\/10\/largo_concelheiro_jose_filipe-1024x747.jpeg 1024w, https:\/\/somoscaldas.pt\/wp-content\/uploads\/2025\/10\/largo_concelheiro_jose_filipe-768x560.jpeg 768w, https:\/\/somoscaldas.pt\/wp-content\/uploads\/2025\/10\/largo_concelheiro_jose_filipe-850x620.jpeg 850w\" sizes=\"auto, (max-width: 1184px) 100vw, 1184px\" \/><figcaption class=\"wp-element-caption\">Largo do Conselheiro Jos\u00e9 Filipe (junto \u00e0 Igreja de Nossa Sra. do P\u00f3pulo)<\/figcaption><\/figure>\n<\/figure>\n\n\n\n<div style=\"height:45px\" aria-hidden=\"true\" class=\"wp-block-spacer\"><\/div>\n\n\n\n<h2 class=\"wp-block-heading\"> SOMOS CALDAS<\/h2>\n\n\n\n<p><strong>Caminhamos lado a lado, o nosso percurso faz-se consigo:<\/strong><\/p>\n\n\n\n<figure class=\"wp-block-image size-large\"><img loading=\"lazy\" decoding=\"async\" width=\"1024\" height=\"772\" src=\"https:\/\/somoscaldas.pt\/wp-content\/uploads\/2025\/10\/news-1024x772.jpg\" alt=\"\" class=\"wp-image-297\" srcset=\"https:\/\/somoscaldas.pt\/wp-content\/uploads\/2025\/10\/news-1024x772.jpg 1024w, https:\/\/somoscaldas.pt\/wp-content\/uploads\/2025\/10\/news-300x226.jpg 300w, https:\/\/somoscaldas.pt\/wp-content\/uploads\/2025\/10\/news-768x579.jpg 768w, https:\/\/somoscaldas.pt\/wp-content\/uploads\/2025\/10\/news-850x641.jpg 850w, https:\/\/somoscaldas.pt\/wp-content\/uploads\/2025\/10\/news.jpg 1238w\" sizes=\"auto, (max-width: 1024px) 100vw, 1024px\" \/><\/figure>\n\n\n\n<div style=\"height:45px\" aria-hidden=\"true\" class=\"wp-block-spacer\"><\/div>\n\n\n\n<div class=\"wp-block-buttons is-content-justification-center is-layout-flex wp-container-core-buttons-is-layout-16018d1d wp-block-buttons-is-layout-flex\">\n<div class=\"wp-block-button\"><a class=\"wp-block-button__link wp-element-button\" href=\"https:\/\/somoscaldas.pt\/wp-content\/uploads\/2025\/10\/SOMOS_20SOMOS-HO_Revisto_1_10_25.pdf\" target=\"_blank\" rel=\"noreferrer noopener\">Programa Eleitoral<\/a><\/div>\n<\/div>\n","protected":false},"excerpt":{"rendered":"<p>Caros Caldenses Foi nas Caldas que passei a minha juventude. \u00c9 nas Caldas que est\u00e3o os meus amigos e as minha ra\u00edzes. Ambos me acompanham em tudo o que fa\u00e7o e me ajudam a tomar todas as decis\u00f5es. E n\u00e3o podia ter melhores conselheiros.Aprendi nos \u00faltimos anos como se constroem os caminhos, mas aprendi tamb\u00e9m&#8230;<\/p>\n","protected":false},"author":1,"featured_media":0,"parent":0,"menu_order":0,"comment_status":"closed","ping_status":"closed","template":"","meta":{"footnotes":""},"class_list":["post-13","page","type-page","status-publish","hentry"],"_links":{"self":[{"href":"https:\/\/somoscaldas.pt\/index.php\/wp-json\/wp\/v2\/pages\/13","targetHints":{"allow":["GET"]}}],"collection":[{"href":"https:\/\/somoscaldas.pt\/index.php\/wp-json\/wp\/v2\/pages"}],"about":[{"href":"https:\/\/somoscaldas.pt\/index.php\/wp-json\/wp\/v2\/types\/page"}],"author":[{"embeddable":true,"href":"https:\/\/somoscaldas.pt\/index.php\/wp-json\/wp\/v2\/users\/1"}],"replies":[{"embeddable":true,"href":"https:\/\/somoscaldas.pt\/index.php\/wp-json\/wp\/v2\/comments?post=13"}],"version-history":[{"count":25,"href":"https:\/\/somoscaldas.pt\/index.php\/wp-json\/wp\/v2\/pages\/13\/revisions"}],"predecessor-version":[{"id":401,"href":"https:\/\/somoscaldas.pt\/index.php\/wp-json\/wp\/v2\/pages\/13\/revisions\/401"}],"wp:attachment":[{"href":"https:\/\/somoscaldas.pt\/index.php\/wp-json\/wp\/v2\/media?parent=13"}],"curies":[{"name":"wp","href":"https:\/\/api.w.org\/{rel}","templated":true}]}}